{"id":307,"date":"2026-04-30T15:55:21","date_gmt":"2026-04-30T13:55:21","guid":{"rendered":"https:\/\/actionmall.act.at\/shop\/3011\/?post_type=product&#038;p=307"},"modified":"2026-04-30T15:55:21","modified_gmt":"2026-04-30T13:55:21","slug":"kombigeraet-kg-200","status":"publish","type":"product","link":"https:\/\/actionmall.act.at\/shop\/3011\/en\/produkt\/kombigeraet-kg-200\/","title":{"rendered":"Kombiger\u00e4t KG 200"},"content":{"rendered":"<p data-start=\"0\" data-end=\"344\">Dieses Kombiger\u00e4t bietet zuverl\u00e4ssige und leistungsstarke K\u00fchl- und Heizfunktionen f\u00fcr unterschiedlichste Einsatzbereiche. Mit einer Leistung von ca. 24 kW ist das Ger\u00e4t optimal f\u00fcr R\u00e4ume mit einer Fl\u00e4che von bis zu etwa 200 m\u00b2 ausgelegt und sorgt sowohl im Sommer f\u00fcr angenehme K\u00fchlung als auch im Winter f\u00fcr gleichm\u00e4\u00dfige und effiziente W\u00e4rme.<\/p>\n<p data-start=\"346\" data-end=\"526\">Dank moderner Technik arbeitet das Kombiger\u00e4t energieeffizient und angenehm leise, wodurch es sich ideal f\u00fcr den Einsatz im Haushalt, im B\u00fcro oder in gewerblichen Bereichen eignet.<\/p>\n<p data-start=\"528\" data-end=\"790\" data-is-last-node=\"\" data-is-only-node=\"\">Das robuste Geh\u00e4use und das zeitlose Design sorgen nicht nur f\u00fcr eine lange Lebensdauer, sondern erm\u00f6glichen auch eine einfache Integration in unterschiedliche Raumkonzepte. So erhalten Sie eine zuverl\u00e4ssige, vielseitige und praktische L\u00f6sung f\u00fcr das ganze Jahr.<\/p>\n","protected":false},"excerpt":{"rendered":"<p>Dieses Kombiger\u00e4t bietet zuverl\u00e4ssige und leistungsstarke K\u00fchl- und Heizfunktionen f\u00fcr unterschiedlichste Einsatzbereiche. Mit einer Leistung von ca. 24 kW ist das Ger\u00e4t optimal f\u00fcr R\u00e4ume mit einer Fl\u00e4che von bis zu etwa 200 m\u00b2 ausgelegt und sorgt sowohl im Sommer f\u00fcr angenehme K\u00fchlung als auch im Winter f\u00fcr gleichm\u00e4\u00dfige und effiziente W\u00e4rme. Dank moderner Technik [&hellip;]<\/p>\n","protected":false},"featured_media":0,"template":"","meta":[],"product_cat":[34,35,42,43,44,45,46,47,58,59,60,61,62,63],"product_tag":[],"class_list":{"0":"post-307","1":"product","2":"type-product","3":"status-publish","5":"product_cat-autos-und-fahrzeuge","6":"product_cat-bekleidung-und-zubehoer","7":"product_cat-immobilien-heim-und-garten","8":"product_cat-unterhaltung-freizeit-und-kultur","9":"product_cat-essen-und-trinken","10":"product_cat-sport-veranstaltungen-hobbies","11":"product_cat-gesundheit-und-wellness","12":"product_cat-buero-und-bueroeinrichtung","13":"product_cat-it-und-elektronik","14":"product_cat-werbung-marketing-und-medien","15":"product_cat-transport-und-logistik","16":"product_cat-dienstleistungen-und-oeffentliche-versorgung","17":"product_cat-technische-infrastruktur-industrie","18":"product_cat-tourismus-und-reisen","20":"first","21":"instock","22":"taxable","23":"shipping-taxable","24":"purchasable","25":"product-type-simple"},"_links":{"self":[{"href":"https:\/\/actionmall.act.at\/shop\/3011\/en\/wp-json\/wp\/v2\/product\/307"}],"collection":[{"href":"https:\/\/actionmall.act.at\/shop\/3011\/en\/wp-json\/wp\/v2\/product"}],"about":[{"href":"https:\/\/actionmall.act.at\/shop\/3011\/en\/wp-json\/wp\/v2\/types\/product"}],"wp:attachment":[{"href":"https:\/\/actionmall.act.at\/shop\/3011\/en\/wp-json\/wp\/v2\/media?parent=307"}],"wp:term":[{"taxonomy":"product_cat","embeddable":true,"href":"https:\/\/actionmall.act.at\/shop\/3011\/en\/wp-json\/wp\/v2\/product_cat?post=307"},{"taxonomy":"product_tag","embeddable":true,"href":"https:\/\/actionmall.act.at\/shop\/3011\/en\/wp-json\/wp\/v2\/product_tag?post=307"}],"curies":[{"name":"wp","href":"https:\/\/api.w.org\/{rel}","templated":true}]}}