{"id":287,"date":"2026-04-16T16:26:52","date_gmt":"2026-04-16T14:26:52","guid":{"rendered":"https:\/\/actionmall.act.at\/shop\/3011\/?post_type=product&#038;p=287"},"modified":"2026-04-16T16:43:10","modified_gmt":"2026-04-16T14:43:10","slug":"heizgeraet-hg-50","status":"publish","type":"product","link":"https:\/\/actionmall.act.at\/shop\/3011\/produkt\/heizgeraet-hg-50\/","title":{"rendered":"Heizger\u00e4t HG 50"},"content":{"rendered":"<p data-start=\"0\" data-end=\"293\">Dieses Heizger\u00e4t bietet zuverl\u00e4ssige und leistungsstarke W\u00e4rme f\u00fcr unterschiedlichste Einsatzbereiche. Mit einer Heizleistung von ca. 6 kW ist das Ger\u00e4t optimal f\u00fcr R\u00e4ume mit einer Fl\u00e4che von bis zu etwa 50 m\u00b2 ausgelegt und sorgt dort f\u00fcr eine gleichm\u00e4\u00dfige und effiziente Temperaturregelung.<\/p>\n<p data-start=\"295\" data-end=\"474\">Dank moderner Technik arbeitet das Heizger\u00e4t energieeffizient und angenehm leise, wodurch es sich ideal f\u00fcr den Einsatz im Haushalt, im B\u00fcro oder in gewerblichen Bereichen eignet.<\/p>\n<p data-start=\"476\" data-end=\"753\" data-is-last-node=\"\" data-is-only-node=\"\">Das robuste Geh\u00e4use und das zeitlose Design sorgen nicht nur f\u00fcr eine lange Lebensdauer, sondern erm\u00f6glichen auch eine einfache Integration in unterschiedliche Raumkonzepte. So erhalten Sie eine zuverl\u00e4ssige, leistungsstarke und praktische Heizl\u00f6sung f\u00fcr den t\u00e4glichen Einsatz.<\/p>\n","protected":false},"excerpt":{"rendered":"<p>Dieses Heizger\u00e4t bietet zuverl\u00e4ssige und leistungsstarke W\u00e4rme f\u00fcr unterschiedlichste Einsatzbereiche. Mit einer Heizleistung von ca. 6 kW ist das Ger\u00e4t optimal f\u00fcr R\u00e4ume mit einer Fl\u00e4che von bis zu etwa 50 m\u00b2 ausgelegt und sorgt dort f\u00fcr eine gleichm\u00e4\u00dfige und effiziente Temperaturregelung. Dank moderner Technik arbeitet das Heizger\u00e4t energieeffizient und angenehm leise, wodurch es sich [&hellip;]<\/p>\n","protected":false},"featured_media":293,"template":"","meta":[],"product_cat":[34,35,42,43,44,45,46,47,58,59,60,61,62,63],"product_tag":[],"class_list":{"0":"post-287","1":"product","2":"type-product","3":"status-publish","4":"has-post-thumbnail","6":"product_cat-autos-und-fahrzeuge","7":"product_cat-bekleidung-und-zubehoer","8":"product_cat-immobilien-heim-und-garten","9":"product_cat-unterhaltung-freizeit-und-kultur","10":"product_cat-essen-und-trinken","11":"product_cat-sport-veranstaltungen-hobbies","12":"product_cat-gesundheit-und-wellness","13":"product_cat-buero-und-bueroeinrichtung","14":"product_cat-it-und-elektronik","15":"product_cat-werbung-marketing-und-medien","16":"product_cat-transport-und-logistik","17":"product_cat-dienstleistungen-und-oeffentliche-versorgung","18":"product_cat-technische-infrastruktur-industrie","19":"product_cat-tourismus-und-reisen","21":"first","22":"instock","23":"taxable","24":"shipping-taxable","25":"purchasable","26":"product-type-simple"},"_links":{"self":[{"href":"https:\/\/actionmall.act.at\/shop\/3011\/wp-json\/wp\/v2\/product\/287"}],"collection":[{"href":"https:\/\/actionmall.act.at\/shop\/3011\/wp-json\/wp\/v2\/product"}],"about":[{"href":"https:\/\/actionmall.act.at\/shop\/3011\/wp-json\/wp\/v2\/types\/product"}],"wp:featuredmedia":[{"embeddable":true,"href":"https:\/\/actionmall.act.at\/shop\/3011\/wp-json\/wp\/v2\/media\/293"}],"wp:attachment":[{"href":"https:\/\/actionmall.act.at\/shop\/3011\/wp-json\/wp\/v2\/media?parent=287"}],"wp:term":[{"taxonomy":"product_cat","embeddable":true,"href":"https:\/\/actionmall.act.at\/shop\/3011\/wp-json\/wp\/v2\/product_cat?post=287"},{"taxonomy":"product_tag","embeddable":true,"href":"https:\/\/actionmall.act.at\/shop\/3011\/wp-json\/wp\/v2\/product_tag?post=287"}],"curies":[{"name":"wp","href":"https:\/\/api.w.org\/{rel}","templated":true}]}}