{"id":277,"date":"2026-03-11T11:19:38","date_gmt":"2026-03-11T10:19:38","guid":{"rendered":"https:\/\/actionmall.act.at\/shop\/3013\/?post_type=product&#038;p=277"},"modified":"2026-03-11T11:25:05","modified_gmt":"2026-03-11T10:25:05","slug":"unterkonstruktion-befestigung","status":"publish","type":"product","link":"https:\/\/actionmall.act.at\/shop\/3013\/produkt\/unterkonstruktion-befestigung\/","title":{"rendered":"Unterkonstruktion &#038; Befestigung"},"content":{"rendered":"<p>Dies ist ein tragendes System, das Solarmodule sicher mit dem Geb\u00e4ude verbindet. Es tr\u00e4gt Wind- und Schneelasten ab und sorgt f\u00fcr die optimale Ausrichtung.<\/p>\n<p>&nbsp;<\/p>\n","protected":false},"excerpt":{"rendered":"<p>Das <em><strong>unsichtbare Kraftwerk-Fundament<\/strong><\/em> deiner PV-Analage!<\/p>\n","protected":false},"featured_media":281,"template":"","meta":[],"product_cat":[],"product_tag":[],"class_list":{"0":"post-277","1":"product","2":"type-product","3":"status-publish","4":"has-post-thumbnail","7":"first","8":"instock","9":"taxable","10":"shipping-taxable","11":"purchasable","12":"product-type-simple"},"_links":{"self":[{"href":"https:\/\/actionmall.act.at\/shop\/3013\/wp-json\/wp\/v2\/product\/277"}],"collection":[{"href":"https:\/\/actionmall.act.at\/shop\/3013\/wp-json\/wp\/v2\/product"}],"about":[{"href":"https:\/\/actionmall.act.at\/shop\/3013\/wp-json\/wp\/v2\/types\/product"}],"wp:featuredmedia":[{"embeddable":true,"href":"https:\/\/actionmall.act.at\/shop\/3013\/wp-json\/wp\/v2\/media\/281"}],"wp:attachment":[{"href":"https:\/\/actionmall.act.at\/shop\/3013\/wp-json\/wp\/v2\/media?parent=277"}],"wp:term":[{"taxonomy":"product_cat","embeddable":true,"href":"https:\/\/actionmall.act.at\/shop\/3013\/wp-json\/wp\/v2\/product_cat?post=277"},{"taxonomy":"product_tag","embeddable":true,"href":"https:\/\/actionmall.act.at\/shop\/3013\/wp-json\/wp\/v2\/product_tag?post=277"}],"curies":[{"name":"wp","href":"https:\/\/api.w.org\/{rel}","templated":true}]}}