{"id":242,"date":"2026-04-20T12:14:24","date_gmt":"2026-04-20T10:14:24","guid":{"rendered":"https:\/\/actionmall.act.at\/shop\/35\/?post_type=product&#038;p=242"},"modified":"2026-04-20T14:05:32","modified_gmt":"2026-04-20T12:05:32","slug":"siebtraegermaschiene","status":"publish","type":"product","link":"https:\/\/actionmall.act.at\/shop\/35\/en\/produkt\/siebtraegermaschiene\/","title":{"rendered":"Siebtr\u00e4germaschiene"},"content":{"rendered":"<p><span data-ccp-props=\"{}\">\u00a0<\/span><i><span data-contrast=\"none\">Diese Maschinen bereiten auf Knopfdruck verschiedenste Kaffeespezialit\u00e4ten zu. Sie mahlen die Bohnen frisch und bieten h\u00f6chsten Komfort f\u00fcr eine schnelle, hochwertige Tasse Kaffee<\/span><\/i><\/p>\n","protected":false},"excerpt":{"rendered":"<p>\u00a0Diese Maschinen bereiten auf Knopfdruck verschiedenste Kaffeespezialit\u00e4ten zu. Sie mahlen die Bohnen frisch und bieten h\u00f6chsten Komfort f\u00fcr eine schnelle, hochwertige Tasse Kaffee<\/p>\n","protected":false},"featured_media":243,"template":"","meta":[],"product_cat":[44],"product_tag":[],"class_list":{"0":"post-242","1":"product","2":"type-product","3":"status-publish","4":"has-post-thumbnail","6":"product_cat-essen-und-trinken","8":"first","9":"instock","10":"taxable","11":"shipping-taxable","12":"purchasable","13":"product-type-simple"},"_links":{"self":[{"href":"https:\/\/actionmall.act.at\/shop\/35\/en\/wp-json\/wp\/v2\/product\/242"}],"collection":[{"href":"https:\/\/actionmall.act.at\/shop\/35\/en\/wp-json\/wp\/v2\/product"}],"about":[{"href":"https:\/\/actionmall.act.at\/shop\/35\/en\/wp-json\/wp\/v2\/types\/product"}],"wp:featuredmedia":[{"embeddable":true,"href":"https:\/\/actionmall.act.at\/shop\/35\/en\/wp-json\/wp\/v2\/media\/243"}],"wp:attachment":[{"href":"https:\/\/actionmall.act.at\/shop\/35\/en\/wp-json\/wp\/v2\/media?parent=242"}],"wp:term":[{"taxonomy":"product_cat","embeddable":true,"href":"https:\/\/actionmall.act.at\/shop\/35\/en\/wp-json\/wp\/v2\/product_cat?post=242"},{"taxonomy":"product_tag","embeddable":true,"href":"https:\/\/actionmall.act.at\/shop\/35\/en\/wp-json\/wp\/v2\/product_tag?post=242"}],"curies":[{"name":"wp","href":"https:\/\/api.w.org\/{rel}","templated":true}]}}