{"id":245,"date":"2026-04-20T12:19:55","date_gmt":"2026-04-20T10:19:55","guid":{"rendered":"https:\/\/actionmall.act.at\/shop\/35\/?post_type=product&#038;p=245"},"modified":"2026-04-20T14:04:38","modified_gmt":"2026-04-20T12:04:38","slug":"vollautomat","status":"publish","type":"product","link":"https:\/\/actionmall.act.at\/shop\/35\/en\/produkt\/vollautomat\/","title":{"rendered":"Vollautomat"},"content":{"rendered":"<p><span data-ccp-props=\"{}\">\u00a0<\/span><i><span data-contrast=\"none\">Diese Maschinen bereiten auf Knopfdruck verschiedenste Kaffeespezialit\u00e4ten zu. Sie mahlen die Bohnen frisch und bieten h\u00f6chsten Komfort f\u00fcr eine schnelle, hochwertige Tasse Kaffee<\/span><\/i><\/p>\n","protected":false},"excerpt":{"rendered":"<p>\u00a0Diese Maschinen bereiten auf Knopfdruck verschiedenste Kaffeespezialit\u00e4ten zu. Sie mahlen die Bohnen frisch und bieten h\u00f6chsten Komfort f\u00fcr eine schnelle, hochwertige Tasse Kaffee<\/p>\n","protected":false},"featured_media":248,"template":"","meta":[],"product_cat":[44],"product_tag":[],"class_list":{"0":"post-245","1":"product","2":"type-product","3":"status-publish","4":"has-post-thumbnail","6":"product_cat-essen-und-trinken","8":"first","9":"instock","10":"taxable","11":"shipping-taxable","12":"purchasable","13":"product-type-simple"},"_links":{"self":[{"href":"https:\/\/actionmall.act.at\/shop\/35\/en\/wp-json\/wp\/v2\/product\/245"}],"collection":[{"href":"https:\/\/actionmall.act.at\/shop\/35\/en\/wp-json\/wp\/v2\/product"}],"about":[{"href":"https:\/\/actionmall.act.at\/shop\/35\/en\/wp-json\/wp\/v2\/types\/product"}],"wp:featuredmedia":[{"embeddable":true,"href":"https:\/\/actionmall.act.at\/shop\/35\/en\/wp-json\/wp\/v2\/media\/248"}],"wp:attachment":[{"href":"https:\/\/actionmall.act.at\/shop\/35\/en\/wp-json\/wp\/v2\/media?parent=245"}],"wp:term":[{"taxonomy":"product_cat","embeddable":true,"href":"https:\/\/actionmall.act.at\/shop\/35\/en\/wp-json\/wp\/v2\/product_cat?post=245"},{"taxonomy":"product_tag","embeddable":true,"href":"https:\/\/actionmall.act.at\/shop\/35\/en\/wp-json\/wp\/v2\/product_tag?post=245"}],"curies":[{"name":"wp","href":"https:\/\/api.w.org\/{rel}","templated":true}]}}