{"id":247,"date":"2026-04-20T12:24:30","date_gmt":"2026-04-20T10:24:30","guid":{"rendered":"https:\/\/actionmall.act.at\/shop\/35\/?post_type=product&#038;p=247"},"modified":"2026-04-20T14:02:54","modified_gmt":"2026-04-20T12:02:54","slug":"kaffeeautomat","status":"publish","type":"product","link":"https:\/\/actionmall.act.at\/shop\/35\/produkt\/kaffeeautomat\/","title":{"rendered":"Kaffeeautomat"},"content":{"rendered":"<p><span class=\"TextRun SCXW95277935 BCX8\" lang=\"DE-AT\" xml:lang=\"DE-AT\" data-contrast=\"none\"><span class=\"NormalTextRun SCXW95277935 BCX8\">Diese Ger\u00e4te sind robust und oft in B\u00fcros oder gro\u00dfen Haushalten zu finden. Sie bieten kontinuierlichen Kaffeegenuss und bereiten gro\u00dfe Mengen in kurzer Zeit zu<\/span><\/span><span class=\"EOP Selected SCXW95277935 BCX8\" data-ccp-props=\"{}\">\u00a0<\/span><\/p>\n","protected":false},"excerpt":{"rendered":"<p>Diese Ger\u00e4te sind robust und oft in B\u00fcros oder gro\u00dfen Haushalten zu finden. Sie bieten kontinuierlichen Kaffeegenuss und bereiten gro\u00dfe Mengen in kurzer Zeit zu\u00a0<\/p>\n","protected":false},"featured_media":250,"template":"","meta":[],"product_cat":[44],"product_tag":[],"class_list":{"0":"post-247","1":"product","2":"type-product","3":"status-publish","4":"has-post-thumbnail","6":"product_cat-essen-und-trinken","8":"first","9":"instock","10":"taxable","11":"shipping-taxable","12":"purchasable","13":"product-type-simple"},"_links":{"self":[{"href":"https:\/\/actionmall.act.at\/shop\/35\/wp-json\/wp\/v2\/product\/247"}],"collection":[{"href":"https:\/\/actionmall.act.at\/shop\/35\/wp-json\/wp\/v2\/product"}],"about":[{"href":"https:\/\/actionmall.act.at\/shop\/35\/wp-json\/wp\/v2\/types\/product"}],"wp:featuredmedia":[{"embeddable":true,"href":"https:\/\/actionmall.act.at\/shop\/35\/wp-json\/wp\/v2\/media\/250"}],"wp:attachment":[{"href":"https:\/\/actionmall.act.at\/shop\/35\/wp-json\/wp\/v2\/media?parent=247"}],"wp:term":[{"taxonomy":"product_cat","embeddable":true,"href":"https:\/\/actionmall.act.at\/shop\/35\/wp-json\/wp\/v2\/product_cat?post=247"},{"taxonomy":"product_tag","embeddable":true,"href":"https:\/\/actionmall.act.at\/shop\/35\/wp-json\/wp\/v2\/product_tag?post=247"}],"curies":[{"name":"wp","href":"https:\/\/api.w.org\/{rel}","templated":true}]}}