{"id":253,"date":"2025-02-20T12:56:35","date_gmt":"2025-02-20T11:56:35","guid":{"rendered":"https:\/\/actionmall.act.at\/shop\/372\/?post_type=product&#038;p=253"},"modified":"2026-01-14T15:55:18","modified_gmt":"2026-01-14T14:55:18","slug":"vita-shake","status":"publish","type":"product","link":"https:\/\/actionmall.act.at\/shop\/372\/en\/produkt\/vita-shake\/","title":{"rendered":"Vita-Shake"},"content":{"rendered":"<p><strong>Vita Shake High Performance &#8220;Schoko&#8221; <\/strong><em>(glutenfrei &#038; laktosefrei \u2013 bei Zubereitung mit Wasser)<\/em><\/p>\n<p><strong>Inhalt:<\/strong> 1000 g | Ergibt ca. 33 Portionen<\/p>\n<p>Der Vita Shake High Performance ist ein aminos\u00e4uren-optimiertes Eiwei\u00dfkonzentrat, angereichert mit wertvollen Vitaminen und Mineralstoffen.<\/p>\n<p>Ideal f\u00fcr alle, die ihre Muskelregeneration unterst\u00fctzen und ihre Leistungsf\u00e4higkeit gezielt steigern m\u00f6chten \u2013 besonders nach intensiven Trainingseinheiten.<\/p>\n<p>Dieses di\u00e4tetische Lebensmittel wurde speziell f\u00fcr Sportler entwickelt, die auf Qualit\u00e4t, Geschmack und optimale N\u00e4hrstoffversorgung setzen.<\/p>\n","protected":false},"excerpt":{"rendered":"<p>Vita Shake High Performance &#8220;Schoko&#8221; (glutenfrei &#038; laktosefrei \u2013 bei Zubereitung mit Wasser) Inhalt: 1000 g | Ergibt ca. 33 Portionen Der Vita Shake High Performance ist ein aminos\u00e4uren-optimiertes Eiwei\u00dfkonzentrat, angereichert mit wertvollen Vitaminen und Mineralstoffen. Ideal f\u00fcr alle, die ihre Muskelregeneration unterst\u00fctzen und ihre Leistungsf\u00e4higkeit gezielt steigern m\u00f6chten \u2013 besonders nach intensiven Trainingseinheiten. Dieses [&hellip;]<\/p>\n","protected":false},"featured_media":392,"template":"","meta":[],"product_cat":[],"product_tag":[],"class_list":{"0":"post-253","1":"product","2":"type-product","3":"status-publish","4":"has-post-thumbnail","7":"first","8":"instock","9":"taxable","10":"shipping-taxable","11":"purchasable","12":"product-type-simple"},"_links":{"self":[{"href":"https:\/\/actionmall.act.at\/shop\/372\/en\/wp-json\/wp\/v2\/product\/253"}],"collection":[{"href":"https:\/\/actionmall.act.at\/shop\/372\/en\/wp-json\/wp\/v2\/product"}],"about":[{"href":"https:\/\/actionmall.act.at\/shop\/372\/en\/wp-json\/wp\/v2\/types\/product"}],"wp:featuredmedia":[{"embeddable":true,"href":"https:\/\/actionmall.act.at\/shop\/372\/en\/wp-json\/wp\/v2\/media\/392"}],"wp:attachment":[{"href":"https:\/\/actionmall.act.at\/shop\/372\/en\/wp-json\/wp\/v2\/media?parent=253"}],"wp:term":[{"taxonomy":"product_cat","embeddable":true,"href":"https:\/\/actionmall.act.at\/shop\/372\/en\/wp-json\/wp\/v2\/product_cat?post=253"},{"taxonomy":"product_tag","embeddable":true,"href":"https:\/\/actionmall.act.at\/shop\/372\/en\/wp-json\/wp\/v2\/product_tag?post=253"}],"curies":[{"name":"wp","href":"https:\/\/api.w.org\/{rel}","templated":true}]}}