{"id":257,"date":"2025-02-20T12:59:35","date_gmt":"2025-02-20T11:59:35","guid":{"rendered":"https:\/\/actionmall.act.at\/shop\/372\/?post_type=product&#038;p=257"},"modified":"2026-01-14T15:39:57","modified_gmt":"2026-01-14T14:39:57","slug":"verbandschrank","status":"publish","type":"product","link":"https:\/\/actionmall.act.at\/shop\/372\/en\/produkt\/verbandschrank\/","title":{"rendered":"Verbandschrank"},"content":{"rendered":"<p>Einfach anzubringen \u2013 alles f\u00fcr eine optimale <strong>Erste-Hilfe-Ausstattung<\/strong><\/p>\n<p><strong>Entspricht \u00d6NORM Z 1020 \u2013 Typ 2<\/strong><\/p>\n<p>Dieses Set enth\u00e4lt alle wichtigen Utensilien f\u00fcr schnelle und effektive Erste-Hilfe-Ma\u00dfnahmen. Perfekt f\u00fcr Zuhause, im Auto oder im Betrieb.<\/p>\n<p><strong>Inhalt:<\/strong><\/p>\n<ul>\n<li>Dreieckt\u00fccher<\/li>\n<li>Saugkompressen<\/li>\n<li>Verbandtuch<\/li>\n<li>Verschiedene Pflaster<\/li>\n<li>Momentanverband<\/li>\n<li>Elastische M\u00fcllbinden<\/li>\n<li>Fixierbinde<\/li>\n<li>Fingerlinge<\/li>\n<li>Rettungsdecke<\/li>\n<li>Verbandsschere<\/li>\n<li>Einmalhandschuhe<\/li>\n<li>Einmalbeatmungsbehelf<\/li>\n<li>Splitterpinzette<\/li>\n<li>Ausf\u00fchrliche Anleitung<\/li>\n<\/ul>\n","protected":false},"excerpt":{"rendered":"<p>Einfach anzubringen \u2013 alles f\u00fcr eine optimale Erste-Hilfe-Ausstattung Entspricht \u00d6NORM Z 1020 \u2013 Typ 2 Dieses Set enth\u00e4lt alle wichtigen Utensilien f\u00fcr schnelle und effektive Erste-Hilfe-Ma\u00dfnahmen. Perfekt f\u00fcr Zuhause, im Auto oder im Betrieb. Inhalt: Dreieckt\u00fccher Saugkompressen Verbandtuch Verschiedene Pflaster Momentanverband Elastische M\u00fcllbinden Fixierbinde Fingerlinge Rettungsdecke Verbandsschere Einmalhandschuhe Einmalbeatmungsbehelf Splitterpinzette Ausf\u00fchrliche Anleitung<\/p>\n","protected":false},"featured_media":410,"template":"","meta":[],"product_cat":[],"product_tag":[],"class_list":{"0":"post-257","1":"product","2":"type-product","3":"status-publish","4":"has-post-thumbnail","7":"first","8":"instock","9":"taxable","10":"shipping-taxable","11":"purchasable","12":"product-type-simple"},"_links":{"self":[{"href":"https:\/\/actionmall.act.at\/shop\/372\/en\/wp-json\/wp\/v2\/product\/257"}],"collection":[{"href":"https:\/\/actionmall.act.at\/shop\/372\/en\/wp-json\/wp\/v2\/product"}],"about":[{"href":"https:\/\/actionmall.act.at\/shop\/372\/en\/wp-json\/wp\/v2\/types\/product"}],"wp:featuredmedia":[{"embeddable":true,"href":"https:\/\/actionmall.act.at\/shop\/372\/en\/wp-json\/wp\/v2\/media\/410"}],"wp:attachment":[{"href":"https:\/\/actionmall.act.at\/shop\/372\/en\/wp-json\/wp\/v2\/media?parent=257"}],"wp:term":[{"taxonomy":"product_cat","embeddable":true,"href":"https:\/\/actionmall.act.at\/shop\/372\/en\/wp-json\/wp\/v2\/product_cat?post=257"},{"taxonomy":"product_tag","embeddable":true,"href":"https:\/\/actionmall.act.at\/shop\/372\/en\/wp-json\/wp\/v2\/product_tag?post=257"}],"curies":[{"name":"wp","href":"https:\/\/api.w.org\/{rel}","templated":true}]}}