{"id":259,"date":"2025-02-20T13:01:41","date_gmt":"2025-02-20T12:01:41","guid":{"rendered":"https:\/\/actionmall.act.at\/shop\/372\/?post_type=product&#038;p=259"},"modified":"2026-01-21T16:30:27","modified_gmt":"2026-01-21T15:30:27","slug":"tryptophan-plus","status":"publish","type":"product","link":"https:\/\/actionmall.act.at\/shop\/372\/en\/produkt\/tryptophan-plus\/","title":{"rendered":"Tryptophan Plus"},"content":{"rendered":"<p><strong>Di\u00e4tetisches Lebensmittel f\u00fcr intensive Muskelanstrengungen<\/strong> \u2013 speziell f\u00fcr Sportler<\/p>\n<p>Dieses hochwertige Supplement wurde entwickelt, um den K\u00f6rper nach intensiver k\u00f6rperlicher Belastung optimal zu unterst\u00fctzen. Die einzigartige Kombination aus ausgew\u00e4hlten Aminos\u00e4uren, Vitaminen, Mineralstoffen, bioaktiven Pflanzenstoffen und Zink st\u00e4rkt das Immunsystem und f\u00f6rdert die Regeneration.<\/p>\n<p><strong>Wirkung &#038; Vorteile:<\/strong><\/p>\n<ul>\n<li>Unterst\u00fctzt den Eiwei\u00df- und Glykogenstoffwechsel dank Vitamin B6<\/li>\n<li>F\u00f6rdert den Fettstoffwechsel durch Cholin<\/li>\n<li>Sorgt f\u00fcr innere Ruhe und Ausgeglichenheit dank L-Tryptophan \u2013 der Vorstufe von Serotonin<\/li>\n<li>Steigert die Konzentration und Aufmerksamkeit mit L-Arginin, das Ammoniak bindet<\/li>\n<\/ul>\n<p><strong>Zutaten:<\/strong><\/p>\n<p>L-Tryptophan (22,7%), L-Arginin (9%), Cholin (9%), Rhodiola (9%), Magnesium (1,8%), Zink (1,36%), Selen (0,018%), Niacin (1,8%), Fols\u00e4ure (0,045%), Vitamin B1, B6, D<\/p>\n<p><strong>Verzehrsempfehlung:<\/strong><\/p>\n<p>T\u00e4glich 2 Kapseln mit reichlich Wasser einnehmen.<\/p>\n","protected":false},"excerpt":{"rendered":"<p>Di\u00e4tetisches Lebensmittel f\u00fcr intensive Muskelanstrengungen \u2013 speziell f\u00fcr Sportler Dieses hochwertige Supplement wurde entwickelt, um den K\u00f6rper nach intensiver k\u00f6rperlicher Belastung optimal zu unterst\u00fctzen. Die einzigartige Kombination aus ausgew\u00e4hlten Aminos\u00e4uren, Vitaminen, Mineralstoffen, bioaktiven Pflanzenstoffen und Zink st\u00e4rkt das Immunsystem und f\u00f6rdert die Regeneration. Wirkung &#038; Vorteile: Unterst\u00fctzt den Eiwei\u00df- und Glykogenstoffwechsel dank Vitamin B6 F\u00f6rdert [&hellip;]<\/p>\n","protected":false},"featured_media":390,"template":"","meta":[],"product_cat":[],"product_tag":[],"class_list":{"0":"post-259","1":"product","2":"type-product","3":"status-publish","4":"has-post-thumbnail","7":"first","8":"instock","9":"taxable","10":"shipping-taxable","11":"purchasable","12":"product-type-simple"},"_links":{"self":[{"href":"https:\/\/actionmall.act.at\/shop\/372\/en\/wp-json\/wp\/v2\/product\/259"}],"collection":[{"href":"https:\/\/actionmall.act.at\/shop\/372\/en\/wp-json\/wp\/v2\/product"}],"about":[{"href":"https:\/\/actionmall.act.at\/shop\/372\/en\/wp-json\/wp\/v2\/types\/product"}],"wp:featuredmedia":[{"embeddable":true,"href":"https:\/\/actionmall.act.at\/shop\/372\/en\/wp-json\/wp\/v2\/media\/390"}],"wp:attachment":[{"href":"https:\/\/actionmall.act.at\/shop\/372\/en\/wp-json\/wp\/v2\/media?parent=259"}],"wp:term":[{"taxonomy":"product_cat","embeddable":true,"href":"https:\/\/actionmall.act.at\/shop\/372\/en\/wp-json\/wp\/v2\/product_cat?post=259"},{"taxonomy":"product_tag","embeddable":true,"href":"https:\/\/actionmall.act.at\/shop\/372\/en\/wp-json\/wp\/v2\/product_tag?post=259"}],"curies":[{"name":"wp","href":"https:\/\/api.w.org\/{rel}","templated":true}]}}