{"id":261,"date":"2025-02-20T13:05:14","date_gmt":"2025-02-20T12:05:14","guid":{"rendered":"https:\/\/actionmall.act.at\/shop\/372\/?post_type=product&#038;p=261"},"modified":"2026-01-14T15:17:06","modified_gmt":"2026-01-14T14:17:06","slug":"studio-kopfhoerer-fuer-zu-hause","status":"publish","type":"product","link":"https:\/\/actionmall.act.at\/shop\/372\/en\/produkt\/studio-kopfhoerer-fuer-zu-hause\/","title":{"rendered":"Stressb\u00e4lle 5er Packungen"},"content":{"rendered":"<p><strong>5 Anti-Stress-B\u00e4lle<\/strong> \u2013 f\u00fcr mehr Entspannung im Alltag<\/p>\n<p>Diese f\u00fcnf B\u00e4lle helfen dabei, Stress und Anspannung spielerisch abzubauen.<\/p>\n<p>Mit ihrem lustigen Design sorgen sie nicht nur f\u00fcr gute Laune, sondern sind auch der ideale Begleiter in Stresssituationen \u2013 ob im B\u00fcro, zu Hause oder unterwegs.<\/p>\n<p>Einfach zusammendr\u00fccken, durchatmen und entspannen!<\/p>\n","protected":false},"excerpt":{"rendered":"<p>5 Anti-Stress-B\u00e4lle \u2013 f\u00fcr mehr Entspannung im Alltag Diese f\u00fcnf B\u00e4lle helfen dabei, Stress und Anspannung spielerisch abzubauen. Mit ihrem lustigen Design sorgen sie nicht nur f\u00fcr gute Laune, sondern sind auch der ideale Begleiter in Stresssituationen \u2013 ob im B\u00fcro, zu Hause oder unterwegs. Einfach zusammendr\u00fccken, durchatmen und entspannen!<\/p>\n","protected":false},"featured_media":263,"template":"","meta":[],"product_cat":[],"product_tag":[],"class_list":{"0":"post-261","1":"product","2":"type-product","3":"status-publish","4":"has-post-thumbnail","7":"first","8":"instock","9":"taxable","10":"shipping-taxable","11":"purchasable","12":"product-type-simple"},"_links":{"self":[{"href":"https:\/\/actionmall.act.at\/shop\/372\/en\/wp-json\/wp\/v2\/product\/261"}],"collection":[{"href":"https:\/\/actionmall.act.at\/shop\/372\/en\/wp-json\/wp\/v2\/product"}],"about":[{"href":"https:\/\/actionmall.act.at\/shop\/372\/en\/wp-json\/wp\/v2\/types\/product"}],"wp:featuredmedia":[{"embeddable":true,"href":"https:\/\/actionmall.act.at\/shop\/372\/en\/wp-json\/wp\/v2\/media\/263"}],"wp:attachment":[{"href":"https:\/\/actionmall.act.at\/shop\/372\/en\/wp-json\/wp\/v2\/media?parent=261"}],"wp:term":[{"taxonomy":"product_cat","embeddable":true,"href":"https:\/\/actionmall.act.at\/shop\/372\/en\/wp-json\/wp\/v2\/product_cat?post=261"},{"taxonomy":"product_tag","embeddable":true,"href":"https:\/\/actionmall.act.at\/shop\/372\/en\/wp-json\/wp\/v2\/product_tag?post=261"}],"curies":[{"name":"wp","href":"https:\/\/api.w.org\/{rel}","templated":true}]}}