{"id":264,"date":"2025-02-20T13:03:51","date_gmt":"2025-02-20T12:03:51","guid":{"rendered":"https:\/\/actionmall.act.at\/shop\/372\/?post_type=product&#038;p=264"},"modified":"2026-01-14T15:28:05","modified_gmt":"2026-01-14T14:28:05","slug":"studio-kopfhoerer-fuer-zu-hause-2","status":"publish","type":"product","link":"https:\/\/actionmall.act.at\/shop\/372\/en\/produkt\/studio-kopfhoerer-fuer-zu-hause-2\/","title":{"rendered":"Studio-Kopfh\u00f6rer f\u00fcr zu Hause"},"content":{"rendered":"<p>Ausgeglichenes Klangbild \u2013 schlichtes Design \u2013 maximale Ruhe<\/p>\n<p>Erleben Sie ein besonders ausgewogenes Klangbild in Kombination mit einem modernen, schlichten Design.<\/p>\n<p>Dank aktiver Ger\u00e4uschunterdr\u00fcckung genie\u00dfen Sie ungest\u00f6rten Musikgenuss oder konzentriertes Arbeiten \u2013 egal ob im B\u00fcro oder privat zu Hause.<\/p>\n<p>Perfekt f\u00fcr alle, die Wert auf Klangqualit\u00e4t, Komfort und Fokus legen.<\/p>\n","protected":false},"excerpt":{"rendered":"<p>Ausgeglichenes Klangbild \u2013 schlichtes Design \u2013 maximale Ruhe Erleben Sie ein besonders ausgewogenes Klangbild in Kombination mit einem modernen, schlichten Design. Dank aktiver Ger\u00e4uschunterdr\u00fcckung genie\u00dfen Sie ungest\u00f6rten Musikgenuss oder konzentriertes Arbeiten \u2013 egal ob im B\u00fcro oder privat zu Hause. Perfekt f\u00fcr alle, die Wert auf Klangqualit\u00e4t, Komfort und Fokus legen.<\/p>\n","protected":false},"featured_media":396,"template":"","meta":[],"product_cat":[],"product_tag":[],"class_list":{"0":"post-264","1":"product","2":"type-product","3":"status-publish","4":"has-post-thumbnail","7":"first","8":"instock","9":"taxable","10":"shipping-taxable","11":"purchasable","12":"product-type-simple"},"_links":{"self":[{"href":"https:\/\/actionmall.act.at\/shop\/372\/en\/wp-json\/wp\/v2\/product\/264"}],"collection":[{"href":"https:\/\/actionmall.act.at\/shop\/372\/en\/wp-json\/wp\/v2\/product"}],"about":[{"href":"https:\/\/actionmall.act.at\/shop\/372\/en\/wp-json\/wp\/v2\/types\/product"}],"wp:featuredmedia":[{"embeddable":true,"href":"https:\/\/actionmall.act.at\/shop\/372\/en\/wp-json\/wp\/v2\/media\/396"}],"wp:attachment":[{"href":"https:\/\/actionmall.act.at\/shop\/372\/en\/wp-json\/wp\/v2\/media?parent=264"}],"wp:term":[{"taxonomy":"product_cat","embeddable":true,"href":"https:\/\/actionmall.act.at\/shop\/372\/en\/wp-json\/wp\/v2\/product_cat?post=264"},{"taxonomy":"product_tag","embeddable":true,"href":"https:\/\/actionmall.act.at\/shop\/372\/en\/wp-json\/wp\/v2\/product_tag?post=264"}],"curies":[{"name":"wp","href":"https:\/\/api.w.org\/{rel}","templated":true}]}}