{"id":273,"date":"2025-02-20T13:10:46","date_gmt":"2025-02-20T12:10:46","guid":{"rendered":"https:\/\/actionmall.act.at\/shop\/372\/?post_type=product&#038;p=273"},"modified":"2026-01-21T16:10:07","modified_gmt":"2026-01-21T15:10:07","slug":"rock-audio-download","status":"publish","type":"product","link":"https:\/\/actionmall.act.at\/shop\/372\/en\/produkt\/rock-audio-download\/","title":{"rendered":"AVWF-Rock Audio Download"},"content":{"rendered":"<p>Mit <strong>schallmodulierter Musik<\/strong> f\u00fcr effektives Mentaltraining und Neurocoaching im Sport \u2013 entwickelt zur F\u00f6rderung von Fokus, Motivation und mentaler St\u00e4rke.<\/p>\n<p>Nur f\u00fcr den privaten Gebrauch bestimmt.<\/p>\n","protected":false},"excerpt":{"rendered":"<p>Mit schallmodulierter Musik f\u00fcr effektives Mentaltraining und Neurocoaching im Sport \u2013 entwickelt zur F\u00f6rderung von Fokus, Motivation und mentaler St\u00e4rke. Nur f\u00fcr den privaten Gebrauch bestimmt.<\/p>\n","protected":false},"featured_media":406,"template":"","meta":[],"product_cat":[],"product_tag":[],"class_list":{"0":"post-273","1":"product","2":"type-product","3":"status-publish","4":"has-post-thumbnail","7":"first","8":"instock","9":"taxable","10":"shipping-taxable","11":"purchasable","12":"product-type-simple"},"_links":{"self":[{"href":"https:\/\/actionmall.act.at\/shop\/372\/en\/wp-json\/wp\/v2\/product\/273"}],"collection":[{"href":"https:\/\/actionmall.act.at\/shop\/372\/en\/wp-json\/wp\/v2\/product"}],"about":[{"href":"https:\/\/actionmall.act.at\/shop\/372\/en\/wp-json\/wp\/v2\/types\/product"}],"wp:featuredmedia":[{"embeddable":true,"href":"https:\/\/actionmall.act.at\/shop\/372\/en\/wp-json\/wp\/v2\/media\/406"}],"wp:attachment":[{"href":"https:\/\/actionmall.act.at\/shop\/372\/en\/wp-json\/wp\/v2\/media?parent=273"}],"wp:term":[{"taxonomy":"product_cat","embeddable":true,"href":"https:\/\/actionmall.act.at\/shop\/372\/en\/wp-json\/wp\/v2\/product_cat?post=273"},{"taxonomy":"product_tag","embeddable":true,"href":"https:\/\/actionmall.act.at\/shop\/372\/en\/wp-json\/wp\/v2\/product_tag?post=273"}],"curies":[{"name":"wp","href":"https:\/\/api.w.org\/{rel}","templated":true}]}}