{"id":275,"date":"2025-02-20T13:11:26","date_gmt":"2025-02-20T12:11:26","guid":{"rendered":"https:\/\/actionmall.act.at\/shop\/372\/?post_type=product&#038;p=275"},"modified":"2026-01-21T16:23:06","modified_gmt":"2026-01-21T15:23:06","slug":"piano-classics-2-audio-download","status":"publish","type":"product","link":"https:\/\/actionmall.act.at\/shop\/372\/en\/produkt\/piano-classics-2-audio-download\/","title":{"rendered":"AVWF-Classics 2 Audio Download"},"content":{"rendered":"<p>Mit modulierten Schallwellen zu tiefer Regeneration und innerer Balance. Ideal zum regenerativen Laufen, f\u00fcr mentales Training im Sport oder zur Tiefenentspannung am Abend \u2013 f\u00fcr K\u00f6rper und Geist im Einklang.<\/p>\n<p>Nur f\u00fcr den privaten Gebrauch bestimmt.<\/p>\n<p><strong>Inhalt:<\/strong><\/p>\n<ul>\n<li>AVWF <em>Alla Turca<\/em> (Mozart) \u2013 3:45<\/li>\n<li>AVWF <em>Andante<\/em> (Mozart) \u2013 6:21<\/li>\n<li>AVWF <em>Bilder einer Ausstellung<\/em> (Mussorgsky) \u2013 8:48<\/li>\n<li>AVWF <em>Grand Valse Es-Dur<\/em> (Chopin) \u2013 5:14<\/li>\n<li>AVWF <em>Jahreszeiten<\/em> (Tschaikowsky) \u2013 10:41<\/li>\n<li>AVWF <em>Path\u00e9tique<\/em> (Beethoven) \u2013 22:41<\/li>\n<li>AVWF <em>Tr\u00e4umereien<\/em> (Schumann) \u2013 3:45<\/li>\n<\/ul>\n","protected":false},"excerpt":{"rendered":"<p>Mit modulierten Schallwellen zu tiefer Regeneration und innerer Balance. Ideal zum regenerativen Laufen, f\u00fcr mentales Training im Sport oder zur Tiefenentspannung am Abend \u2013 f\u00fcr K\u00f6rper und Geist im Einklang. Nur f\u00fcr den privaten Gebrauch bestimmt. Inhalt: AVWF Alla Turca (Mozart) \u2013 3:45 AVWF Andante (Mozart) \u2013 6:21 AVWF Bilder einer Ausstellung (Mussorgsky) \u2013 8:48 [&hellip;]<\/p>\n","protected":false},"featured_media":431,"template":"","meta":[],"product_cat":[],"product_tag":[],"class_list":{"0":"post-275","1":"product","2":"type-product","3":"status-publish","4":"has-post-thumbnail","7":"first","8":"instock","9":"taxable","10":"shipping-taxable","11":"purchasable","12":"product-type-simple"},"_links":{"self":[{"href":"https:\/\/actionmall.act.at\/shop\/372\/en\/wp-json\/wp\/v2\/product\/275"}],"collection":[{"href":"https:\/\/actionmall.act.at\/shop\/372\/en\/wp-json\/wp\/v2\/product"}],"about":[{"href":"https:\/\/actionmall.act.at\/shop\/372\/en\/wp-json\/wp\/v2\/types\/product"}],"wp:featuredmedia":[{"embeddable":true,"href":"https:\/\/actionmall.act.at\/shop\/372\/en\/wp-json\/wp\/v2\/media\/431"}],"wp:attachment":[{"href":"https:\/\/actionmall.act.at\/shop\/372\/en\/wp-json\/wp\/v2\/media?parent=275"}],"wp:term":[{"taxonomy":"product_cat","embeddable":true,"href":"https:\/\/actionmall.act.at\/shop\/372\/en\/wp-json\/wp\/v2\/product_cat?post=275"},{"taxonomy":"product_tag","embeddable":true,"href":"https:\/\/actionmall.act.at\/shop\/372\/en\/wp-json\/wp\/v2\/product_tag?post=275"}],"curies":[{"name":"wp","href":"https:\/\/api.w.org\/{rel}","templated":true}]}}