{"id":284,"date":"2024-11-21T12:00:24","date_gmt":"2024-11-21T11:00:24","guid":{"rendered":"https:\/\/actionmall.act.at\/shop\/372\/?post_type=product&#038;p=284"},"modified":"2026-01-14T15:21:57","modified_gmt":"2026-01-14T14:21:57","slug":"laune-gut-alles-gut-geschenkbox","status":"publish","type":"product","link":"https:\/\/actionmall.act.at\/shop\/372\/en\/produkt\/laune-gut-alles-gut-geschenkbox\/","title":{"rendered":"Laune gut, alles gut &#8211; Geschenkkarton gef\u00fcllt"},"content":{"rendered":"<p>Die <strong>&#8220;Laune Gut, Alles Gut&#8221; Geschenkbox<\/strong> ist das ideale Geschenk f\u00fcr Freunde, Familie oder Kollegen, um ihnen eine kleine Auszeit vom Alltag zu schenken und f\u00fcr ein L\u00e4cheln zu sorgen. Ein rundum gelungenes Geschenk f\u00fcr jede Gelegenheit!<\/p>\n","protected":false},"excerpt":{"rendered":"<p>Die &#8220;Laune Gut, Alles Gut&#8221; Geschenkbox ist das ideale Geschenk f\u00fcr Freunde, Familie oder Kollegen, um ihnen eine kleine Auszeit vom Alltag zu schenken und f\u00fcr ein L\u00e4cheln zu sorgen. Ein rundum gelungenes Geschenk f\u00fcr jede Gelegenheit!<\/p>\n","protected":false},"featured_media":285,"template":"","meta":[],"product_cat":[],"product_tag":[],"class_list":{"0":"post-284","1":"product","2":"type-product","3":"status-publish","4":"has-post-thumbnail","7":"first","8":"instock","9":"taxable","10":"shipping-taxable","11":"purchasable","12":"product-type-simple"},"_links":{"self":[{"href":"https:\/\/actionmall.act.at\/shop\/372\/en\/wp-json\/wp\/v2\/product\/284"}],"collection":[{"href":"https:\/\/actionmall.act.at\/shop\/372\/en\/wp-json\/wp\/v2\/product"}],"about":[{"href":"https:\/\/actionmall.act.at\/shop\/372\/en\/wp-json\/wp\/v2\/types\/product"}],"wp:featuredmedia":[{"embeddable":true,"href":"https:\/\/actionmall.act.at\/shop\/372\/en\/wp-json\/wp\/v2\/media\/285"}],"wp:attachment":[{"href":"https:\/\/actionmall.act.at\/shop\/372\/en\/wp-json\/wp\/v2\/media?parent=284"}],"wp:term":[{"taxonomy":"product_cat","embeddable":true,"href":"https:\/\/actionmall.act.at\/shop\/372\/en\/wp-json\/wp\/v2\/product_cat?post=284"},{"taxonomy":"product_tag","embeddable":true,"href":"https:\/\/actionmall.act.at\/shop\/372\/en\/wp-json\/wp\/v2\/product_tag?post=284"}],"curies":[{"name":"wp","href":"https:\/\/api.w.org\/{rel}","templated":true}]}}