{"id":298,"date":"2024-11-21T12:05:21","date_gmt":"2024-11-21T11:05:21","guid":{"rendered":"https:\/\/actionmall.act.at\/shop\/372\/?post_type=product&#038;p=298"},"modified":"2026-01-14T16:08:59","modified_gmt":"2026-01-14T15:08:59","slug":"erste-hilfe-koffer","status":"publish","type":"product","link":"https:\/\/actionmall.act.at\/shop\/372\/en\/produkt\/erste-hilfe-koffer\/","title":{"rendered":"Erste-Hilfe Koffer"},"content":{"rendered":"<p><strong>optimale Erste-Hilfe-Ma\u00dfnahmen nach \u00d6NORM Z 1020 Typ 2.<\/strong><\/p>\n<p>Leicht aufzubewahren und jederzeit griffbereit enth\u00e4lt dieses Set alles, was Sie im Notfall brauchen:<\/p>\n<p>Dreiecktuch, Kompresse, Verband, Strips, Fixierbinde, Quickverband, Rettungsdecke, Verbandsschere, Handschuh-Set, Beatmungsmaske, Beatmungstuch, Pinzette und eine \u00fcbersichtliche Anleitung.<\/p>\n","protected":false},"excerpt":{"rendered":"<p>optimale Erste-Hilfe-Ma\u00dfnahmen nach \u00d6NORM Z 1020 Typ 2. Leicht aufzubewahren und jederzeit griffbereit enth\u00e4lt dieses Set alles, was Sie im Notfall brauchen: Dreiecktuch, Kompresse, Verband, Strips, Fixierbinde, Quickverband, Rettungsdecke, Verbandsschere, Handschuh-Set, Beatmungsmaske, Beatmungstuch, Pinzette und eine \u00fcbersichtliche Anleitung.<\/p>\n","protected":false},"featured_media":412,"template":"","meta":[],"product_cat":[],"product_tag":[],"class_list":{"0":"post-298","1":"product","2":"type-product","3":"status-publish","4":"has-post-thumbnail","7":"first","8":"instock","9":"taxable","10":"shipping-taxable","11":"purchasable","12":"product-type-simple"},"_links":{"self":[{"href":"https:\/\/actionmall.act.at\/shop\/372\/en\/wp-json\/wp\/v2\/product\/298"}],"collection":[{"href":"https:\/\/actionmall.act.at\/shop\/372\/en\/wp-json\/wp\/v2\/product"}],"about":[{"href":"https:\/\/actionmall.act.at\/shop\/372\/en\/wp-json\/wp\/v2\/types\/product"}],"wp:featuredmedia":[{"embeddable":true,"href":"https:\/\/actionmall.act.at\/shop\/372\/en\/wp-json\/wp\/v2\/media\/412"}],"wp:attachment":[{"href":"https:\/\/actionmall.act.at\/shop\/372\/en\/wp-json\/wp\/v2\/media?parent=298"}],"wp:term":[{"taxonomy":"product_cat","embeddable":true,"href":"https:\/\/actionmall.act.at\/shop\/372\/en\/wp-json\/wp\/v2\/product_cat?post=298"},{"taxonomy":"product_tag","embeddable":true,"href":"https:\/\/actionmall.act.at\/shop\/372\/en\/wp-json\/wp\/v2\/product_tag?post=298"}],"curies":[{"name":"wp","href":"https:\/\/api.w.org\/{rel}","templated":true}]}}