{"id":300,"date":"2024-11-21T12:05:38","date_gmt":"2024-11-21T11:05:38","guid":{"rendered":"https:\/\/actionmall.act.at\/shop\/372\/?post_type=product&#038;p=300"},"modified":"2026-01-14T15:43:43","modified_gmt":"2026-01-14T14:43:43","slug":"ergonomischer-sitzball","status":"publish","type":"product","link":"https:\/\/actionmall.act.at\/shop\/372\/en\/produkt\/ergonomischer-sitzball\/","title":{"rendered":"Ergonomischer Sitzball"},"content":{"rendered":"<p>Innovatives <strong>Sitzelement <\/strong>f\u00fcr gesunde Haltung \u2013 f\u00f6rdert eine aufrechte Sitzposition und st\u00e4rkt gezielt Rumpf und R\u00fccken.<\/p>\n","protected":false},"excerpt":{"rendered":"<p>Innovatives Sitzelement f\u00fcr gesunde Haltung \u2013 f\u00f6rdert eine aufrechte Sitzposition und st\u00e4rkt gezielt Rumpf und R\u00fccken.<\/p>\n","protected":false},"featured_media":301,"template":"","meta":[],"product_cat":[],"product_tag":[],"class_list":{"0":"post-300","1":"product","2":"type-product","3":"status-publish","4":"has-post-thumbnail","7":"first","8":"instock","9":"taxable","10":"shipping-taxable","11":"purchasable","12":"product-type-simple"},"_links":{"self":[{"href":"https:\/\/actionmall.act.at\/shop\/372\/en\/wp-json\/wp\/v2\/product\/300"}],"collection":[{"href":"https:\/\/actionmall.act.at\/shop\/372\/en\/wp-json\/wp\/v2\/product"}],"about":[{"href":"https:\/\/actionmall.act.at\/shop\/372\/en\/wp-json\/wp\/v2\/types\/product"}],"wp:featuredmedia":[{"embeddable":true,"href":"https:\/\/actionmall.act.at\/shop\/372\/en\/wp-json\/wp\/v2\/media\/301"}],"wp:attachment":[{"href":"https:\/\/actionmall.act.at\/shop\/372\/en\/wp-json\/wp\/v2\/media?parent=300"}],"wp:term":[{"taxonomy":"product_cat","embeddable":true,"href":"https:\/\/actionmall.act.at\/shop\/372\/en\/wp-json\/wp\/v2\/product_cat?post=300"},{"taxonomy":"product_tag","embeddable":true,"href":"https:\/\/actionmall.act.at\/shop\/372\/en\/wp-json\/wp\/v2\/product_tag?post=300"}],"curies":[{"name":"wp","href":"https:\/\/api.w.org\/{rel}","templated":true}]}}