{"id":306,"date":"2024-11-21T12:14:48","date_gmt":"2024-11-21T11:14:48","guid":{"rendered":"https:\/\/actionmall.act.at\/shop\/372\/?post_type=product&#038;p=306"},"modified":"2026-01-14T16:05:14","modified_gmt":"2026-01-14T15:05:14","slug":"defibrillator","status":"publish","type":"product","link":"https:\/\/actionmall.act.at\/shop\/372\/en\/produkt\/defibrillator\/","title":{"rendered":"Defibrillator"},"content":{"rendered":"<p><strong>ZOLL AED Plus\u00ae \u2013 Lebensrettung leicht gemacht.<\/strong><\/p>\n<p>Der tragbare Defibrillator unterst\u00fctzt auch Laien zuverl\u00e4ssig bei der Wiederbelebung. Dank der innovativen <strong>Real CPR Help\u00ae Technologie<\/strong> gibt er sofortiges Feedback zur Herzdruckmassage und f\u00fchrt Schritt f\u00fcr Schritt durch den Notfall. Intuitives Design, klare Anweisungen und visuelle Hilfen machen den Einsatz einfach, w\u00e4hrend das Echtzeit-Feedback die Effektivit\u00e4t der CPR \u00fcberwacht. Robust, handlich und ideal f\u00fcr Unternehmen, Schulen oder \u00f6ffentliche Einrichtungen \u2013 mit dem <strong>ZOLL AED Plus\u00ae<\/strong> sind Sie bestens ger\u00fcstet, um Leben zu retten.<\/p>\n","protected":false},"excerpt":{"rendered":"<p>ZOLL AED Plus\u00ae \u2013 Lebensrettung leicht gemacht. Der tragbare Defibrillator unterst\u00fctzt auch Laien zuverl\u00e4ssig bei der Wiederbelebung. Dank der innovativen Real CPR Help\u00ae Technologie gibt er sofortiges Feedback zur Herzdruckmassage und f\u00fchrt Schritt f\u00fcr Schritt durch den Notfall. Intuitives Design, klare Anweisungen und visuelle Hilfen machen den Einsatz einfach, w\u00e4hrend das Echtzeit-Feedback die Effektivit\u00e4t der [&hellip;]<\/p>\n","protected":false},"featured_media":315,"template":"","meta":[],"product_cat":[],"product_tag":[],"class_list":{"0":"post-306","1":"product","2":"type-product","3":"status-publish","4":"has-post-thumbnail","7":"first","8":"instock","9":"taxable","10":"shipping-taxable","11":"purchasable","12":"product-type-simple"},"_links":{"self":[{"href":"https:\/\/actionmall.act.at\/shop\/372\/en\/wp-json\/wp\/v2\/product\/306"}],"collection":[{"href":"https:\/\/actionmall.act.at\/shop\/372\/en\/wp-json\/wp\/v2\/product"}],"about":[{"href":"https:\/\/actionmall.act.at\/shop\/372\/en\/wp-json\/wp\/v2\/types\/product"}],"wp:featuredmedia":[{"embeddable":true,"href":"https:\/\/actionmall.act.at\/shop\/372\/en\/wp-json\/wp\/v2\/media\/315"}],"wp:attachment":[{"href":"https:\/\/actionmall.act.at\/shop\/372\/en\/wp-json\/wp\/v2\/media?parent=306"}],"wp:term":[{"taxonomy":"product_cat","embeddable":true,"href":"https:\/\/actionmall.act.at\/shop\/372\/en\/wp-json\/wp\/v2\/product_cat?post=306"},{"taxonomy":"product_tag","embeddable":true,"href":"https:\/\/actionmall.act.at\/shop\/372\/en\/wp-json\/wp\/v2\/product_tag?post=306"}],"curies":[{"name":"wp","href":"https:\/\/api.w.org\/{rel}","templated":true}]}}