{"id":309,"date":"2024-11-21T11:59:15","date_gmt":"2024-11-21T10:59:15","guid":{"rendered":"https:\/\/actionmall.act.at\/shop\/372\/?post_type=product&#038;p=309"},"modified":"2026-01-21T16:31:08","modified_gmt":"2026-01-21T15:31:08","slug":"chili-plus","status":"publish","type":"product","link":"https:\/\/actionmall.act.at\/shop\/372\/en\/produkt\/chili-plus\/","title":{"rendered":"Chili Plus"},"content":{"rendered":"<p><strong>Di\u00e4tetisches Lebensmittel f\u00fcr intensive Muskelanstrengungen \u2013 speziell f\u00fcr Sportler entwickelt.<\/strong> Die Kombination aus ausgew\u00e4hlten Aminos\u00e4uren und bioaktiven Pflanzenextrakten wie Chili, Zimt und Rhodiola unterst\u00fctzt Kraft, Kondition und Ausdauer. Rhodiola rosea tr\u00e4gt dazu bei, Ihre Leistungsf\u00e4higkeit bei intensiven Trainingseinheiten zu steigern.<\/p>\n<p><strong>Inhalt:<\/strong> 43\u202fg \/ 60 Kapseln<\/p>\n<p><strong>Anwendung:<\/strong> Eine Kapsel t\u00e4glich mit viel Fl\u00fcssigkeit einnehmen.<\/p>\n","protected":false},"excerpt":{"rendered":"<p>Di\u00e4tetisches Lebensmittel f\u00fcr intensive Muskelanstrengungen \u2013 speziell f\u00fcr Sportler entwickelt. Die Kombination aus ausgew\u00e4hlten Aminos\u00e4uren und bioaktiven Pflanzenextrakten wie Chili, Zimt und Rhodiola unterst\u00fctzt Kraft, Kondition und Ausdauer. Rhodiola rosea tr\u00e4gt dazu bei, Ihre Leistungsf\u00e4higkeit bei intensiven Trainingseinheiten zu steigern. Inhalt: 43\u202fg \/ 60 Kapseln Anwendung: Eine Kapsel t\u00e4glich mit viel Fl\u00fcssigkeit einnehmen.<\/p>\n","protected":false},"featured_media":398,"template":"","meta":[],"product_cat":[],"product_tag":[],"class_list":{"0":"post-309","1":"product","2":"type-product","3":"status-publish","4":"has-post-thumbnail","7":"first","8":"instock","9":"taxable","10":"shipping-taxable","11":"purchasable","12":"product-type-simple"},"_links":{"self":[{"href":"https:\/\/actionmall.act.at\/shop\/372\/en\/wp-json\/wp\/v2\/product\/309"}],"collection":[{"href":"https:\/\/actionmall.act.at\/shop\/372\/en\/wp-json\/wp\/v2\/product"}],"about":[{"href":"https:\/\/actionmall.act.at\/shop\/372\/en\/wp-json\/wp\/v2\/types\/product"}],"wp:featuredmedia":[{"embeddable":true,"href":"https:\/\/actionmall.act.at\/shop\/372\/en\/wp-json\/wp\/v2\/media\/398"}],"wp:attachment":[{"href":"https:\/\/actionmall.act.at\/shop\/372\/en\/wp-json\/wp\/v2\/media?parent=309"}],"wp:term":[{"taxonomy":"product_cat","embeddable":true,"href":"https:\/\/actionmall.act.at\/shop\/372\/en\/wp-json\/wp\/v2\/product_cat?post=309"},{"taxonomy":"product_tag","embeddable":true,"href":"https:\/\/actionmall.act.at\/shop\/372\/en\/wp-json\/wp\/v2\/product_tag?post=309"}],"curies":[{"name":"wp","href":"https:\/\/api.w.org\/{rel}","templated":true}]}}