{"id":311,"date":"2024-11-21T11:56:37","date_gmt":"2024-11-21T10:56:37","guid":{"rendered":"https:\/\/actionmall.act.at\/shop\/372\/?post_type=product&#038;p=311"},"modified":"2026-01-21T16:31:39","modified_gmt":"2026-01-21T15:31:39","slug":"chili-plus-2","status":"publish","type":"product","link":"https:\/\/actionmall.act.at\/shop\/372\/en\/produkt\/chili-plus-2\/","title":{"rendered":"Cholin Plus"},"content":{"rendered":"<p><strong>Cholin Plus<\/strong> ist eine hochwertige Nahrungserg\u00e4nzung zur t\u00e4glichen Unterst\u00fctzung eines aktiven Lebensstils. Die ausgew\u00e4hlte Kombination aus Cholin und erg\u00e4nzenden N\u00e4hrstoffen macht das Produkt ideal f\u00fcr alle, die ihre Ern\u00e4hrung gezielt erg\u00e4nzen m\u00f6chten.<\/p>\n<p>Praktisch dosiert und einfach in den Alltag integrierbar \u2013 perfekt f\u00fcr Beruf, Studium und sportliche Aktivit\u00e4ten.<\/p>\n<p><strong>Cholin Plus<\/strong> steht f\u00fcr Qualit\u00e4t, Reinheit und eine bewusste Erg\u00e4nzung deiner t\u00e4glichen Routine.<\/p>\n","protected":false},"excerpt":{"rendered":"<p>Cholin Plus ist eine hochwertige Nahrungserg\u00e4nzung zur t\u00e4glichen Unterst\u00fctzung eines aktiven Lebensstils. Die ausgew\u00e4hlte Kombination aus Cholin und erg\u00e4nzenden N\u00e4hrstoffen macht das Produkt ideal f\u00fcr alle, die ihre Ern\u00e4hrung gezielt erg\u00e4nzen m\u00f6chten. Praktisch dosiert und einfach in den Alltag integrierbar \u2013 perfekt f\u00fcr Beruf, Studium und sportliche Aktivit\u00e4ten. Cholin Plus steht f\u00fcr Qualit\u00e4t, Reinheit und [&hellip;]<\/p>\n","protected":false},"featured_media":439,"template":"","meta":[],"product_cat":[],"product_tag":[],"class_list":{"0":"post-311","1":"product","2":"type-product","3":"status-publish","4":"has-post-thumbnail","7":"first","8":"instock","9":"taxable","10":"shipping-taxable","11":"purchasable","12":"product-type-simple"},"_links":{"self":[{"href":"https:\/\/actionmall.act.at\/shop\/372\/en\/wp-json\/wp\/v2\/product\/311"}],"collection":[{"href":"https:\/\/actionmall.act.at\/shop\/372\/en\/wp-json\/wp\/v2\/product"}],"about":[{"href":"https:\/\/actionmall.act.at\/shop\/372\/en\/wp-json\/wp\/v2\/types\/product"}],"wp:featuredmedia":[{"embeddable":true,"href":"https:\/\/actionmall.act.at\/shop\/372\/en\/wp-json\/wp\/v2\/media\/439"}],"wp:attachment":[{"href":"https:\/\/actionmall.act.at\/shop\/372\/en\/wp-json\/wp\/v2\/media?parent=311"}],"wp:term":[{"taxonomy":"product_cat","embeddable":true,"href":"https:\/\/actionmall.act.at\/shop\/372\/en\/wp-json\/wp\/v2\/product_cat?post=311"},{"taxonomy":"product_tag","embeddable":true,"href":"https:\/\/actionmall.act.at\/shop\/372\/en\/wp-json\/wp\/v2\/product_tag?post=311"}],"curies":[{"name":"wp","href":"https:\/\/api.w.org\/{rel}","templated":true}]}}