{"id":312,"date":"2024-11-21T11:50:38","date_gmt":"2024-11-21T10:50:38","guid":{"rendered":"https:\/\/actionmall.act.at\/shop\/372\/?post_type=product&#038;p=312"},"modified":"2026-01-14T16:02:20","modified_gmt":"2026-01-14T15:02:20","slug":"apfel-power-chips-bio-bengelchen-50-g","status":"publish","type":"product","link":"https:\/\/actionmall.act.at\/shop\/372\/en\/produkt\/apfel-power-chips-bio-bengelchen-50-g\/","title":{"rendered":"Apfel-Power-Chips"},"content":{"rendered":"<p><strong>K\u00f6stlich s\u00fc\u00df-s\u00e4uerlich \u2013 perfekt zum Naschen zwischendurch.<\/strong><\/p>\n<p>Genie\u00dfe den fruchtigen Snack ohne Reue:<\/p>\n<p>pro 100\u202fg liefert er 314\u202fkcal, 2,1\u202fg Eiwei\u00df, 69,9\u202fg Kohlenhydrate (davon 47,5\u202fg Zucker), 2,4\u202fg Fett (davon 0,57\u202fg ges\u00e4ttigte Fetts\u00e4uren), 12,2\u202fg Ballaststoffe und 0\u202fg Natrium.<\/p>\n","protected":false},"excerpt":{"rendered":"<p>K\u00f6stlich s\u00fc\u00df-s\u00e4uerlich \u2013 perfekt zum Naschen zwischendurch. Genie\u00dfe den fruchtigen Snack ohne Reue: pro 100\u202fg liefert er 314\u202fkcal, 2,1\u202fg Eiwei\u00df, 69,9\u202fg Kohlenhydrate (davon 47,5\u202fg Zucker), 2,4\u202fg Fett (davon 0,57\u202fg ges\u00e4ttigte Fetts\u00e4uren), 12,2\u202fg Ballaststoffe und 0\u202fg Natrium.<\/p>\n","protected":false},"featured_media":400,"template":"","meta":[],"product_cat":[],"product_tag":[],"class_list":{"0":"post-312","1":"product","2":"type-product","3":"status-publish","4":"has-post-thumbnail","7":"first","8":"instock","9":"taxable","10":"shipping-taxable","11":"purchasable","12":"product-type-simple"},"_links":{"self":[{"href":"https:\/\/actionmall.act.at\/shop\/372\/en\/wp-json\/wp\/v2\/product\/312"}],"collection":[{"href":"https:\/\/actionmall.act.at\/shop\/372\/en\/wp-json\/wp\/v2\/product"}],"about":[{"href":"https:\/\/actionmall.act.at\/shop\/372\/en\/wp-json\/wp\/v2\/types\/product"}],"wp:featuredmedia":[{"embeddable":true,"href":"https:\/\/actionmall.act.at\/shop\/372\/en\/wp-json\/wp\/v2\/media\/400"}],"wp:attachment":[{"href":"https:\/\/actionmall.act.at\/shop\/372\/en\/wp-json\/wp\/v2\/media?parent=312"}],"wp:term":[{"taxonomy":"product_cat","embeddable":true,"href":"https:\/\/actionmall.act.at\/shop\/372\/en\/wp-json\/wp\/v2\/product_cat?post=312"},{"taxonomy":"product_tag","embeddable":true,"href":"https:\/\/actionmall.act.at\/shop\/372\/en\/wp-json\/wp\/v2\/product_tag?post=312"}],"curies":[{"name":"wp","href":"https:\/\/api.w.org\/{rel}","templated":true}]}}