{"id":324,"date":"2025-01-16T12:50:50","date_gmt":"2025-01-16T11:50:50","guid":{"rendered":"https:\/\/actionmall.act.at\/shop\/372\/?post_type=product&#038;p=324"},"modified":"2026-01-14T16:03:22","modified_gmt":"2026-01-14T15:03:22","slug":"omega-3-120-kapseln","status":"publish","type":"product","link":"https:\/\/actionmall.act.at\/shop\/372\/en\/produkt\/omega-3-120-kapseln\/","title":{"rendered":"Omega 3 Kapseln"},"content":{"rendered":"<p><strong>Omega-3-Fetts\u00e4uren<\/strong> unterst\u00fctzen Herz, Gehirn und Zellen auf nat\u00fcrliche Weise. Unsere hochwertigen Omega-3-Kapseln aus reinem Fisch\u00f6l f\u00f6rdern die Herzgesundheit, st\u00e4rken die mentale Leistungsf\u00e4higkeit und tragen zu einer gesunden Zellfunktion bei. Mit 120 Kapseln pro Packung bieten sie eine praktische und langfristige Versorgung \u2013 ideal f\u00fcr alle, die ihre Gesundheit und ihr Wohlbefinden aktiv unterst\u00fctzen m\u00f6chten.<\/p>\n","protected":false},"excerpt":{"rendered":"<p>Omega-3-Fetts\u00e4uren unterst\u00fctzen Herz, Gehirn und Zellen auf nat\u00fcrliche Weise. Unsere hochwertigen Omega-3-Kapseln aus reinem Fisch\u00f6l f\u00f6rdern die Herzgesundheit, st\u00e4rken die mentale Leistungsf\u00e4higkeit und tragen zu einer gesunden Zellfunktion bei. Mit 120 Kapseln pro Packung bieten sie eine praktische und langfristige Versorgung \u2013 ideal f\u00fcr alle, die ihre Gesundheit und ihr Wohlbefinden aktiv unterst\u00fctzen m\u00f6chten.<\/p>\n","protected":false},"featured_media":395,"template":"","meta":[],"product_cat":[],"product_tag":[],"class_list":{"0":"post-324","1":"product","2":"type-product","3":"status-publish","4":"has-post-thumbnail","7":"first","8":"instock","9":"taxable","10":"shipping-taxable","11":"purchasable","12":"product-type-simple"},"_links":{"self":[{"href":"https:\/\/actionmall.act.at\/shop\/372\/en\/wp-json\/wp\/v2\/product\/324"}],"collection":[{"href":"https:\/\/actionmall.act.at\/shop\/372\/en\/wp-json\/wp\/v2\/product"}],"about":[{"href":"https:\/\/actionmall.act.at\/shop\/372\/en\/wp-json\/wp\/v2\/types\/product"}],"wp:featuredmedia":[{"embeddable":true,"href":"https:\/\/actionmall.act.at\/shop\/372\/en\/wp-json\/wp\/v2\/media\/395"}],"wp:attachment":[{"href":"https:\/\/actionmall.act.at\/shop\/372\/en\/wp-json\/wp\/v2\/media?parent=324"}],"wp:term":[{"taxonomy":"product_cat","embeddable":true,"href":"https:\/\/actionmall.act.at\/shop\/372\/en\/wp-json\/wp\/v2\/product_cat?post=324"},{"taxonomy":"product_tag","embeddable":true,"href":"https:\/\/actionmall.act.at\/shop\/372\/en\/wp-json\/wp\/v2\/product_tag?post=324"}],"curies":[{"name":"wp","href":"https:\/\/api.w.org\/{rel}","templated":true}]}}