{"id":328,"date":"2025-01-16T12:55:11","date_gmt":"2025-01-16T11:55:11","guid":{"rendered":"https:\/\/actionmall.act.at\/shop\/372\/?post_type=product&#038;p=328"},"modified":"2026-01-14T15:59:58","modified_gmt":"2026-01-14T14:59:58","slug":"ashwaganda-120-kapseln","status":"publish","type":"product","link":"https:\/\/actionmall.act.at\/shop\/372\/en\/produkt\/ashwaganda-120-kapseln\/","title":{"rendered":"Ashwaganda Kapseln"},"content":{"rendered":"<p><strong>Ashwaganda \u2013 das adaptogene Kraut f\u00fcr mehr Balance und Wohlbefinden.<\/strong> Unsere Kapseln liefern eine konzentrierte Dosis, um den K\u00f6rper bei Stressbew\u00e4ltigung zu unterst\u00fctzen, die Stimmung zu verbessern und die Schlafqualit\u00e4t zu f\u00f6rdern. Gleichzeitig kann Ashwaganda die Energielevel steigern und f\u00fcr ein ausgeglichenes, vitales Lebensgef\u00fchl sorgen.<\/p>\n<p>Mit 120 Kapseln pro Packung genie\u00dfen Sie eine langanhaltende Versorgung f\u00fcr Ihr stressfreies Gleichgewicht.<\/p>\n","protected":false},"excerpt":{"rendered":"<p>Ashwaganda \u2013 das adaptogene Kraut f\u00fcr mehr Balance und Wohlbefinden. Unsere Kapseln liefern eine konzentrierte Dosis, um den K\u00f6rper bei Stressbew\u00e4ltigung zu unterst\u00fctzen, die Stimmung zu verbessern und die Schlafqualit\u00e4t zu f\u00f6rdern. Gleichzeitig kann Ashwaganda die Energielevel steigern und f\u00fcr ein ausgeglichenes, vitales Lebensgef\u00fchl sorgen. Mit 120 Kapseln pro Packung genie\u00dfen Sie eine langanhaltende Versorgung [&hellip;]<\/p>\n","protected":false},"featured_media":423,"template":"","meta":[],"product_cat":[],"product_tag":[],"class_list":{"0":"post-328","1":"product","2":"type-product","3":"status-publish","4":"has-post-thumbnail","7":"first","8":"instock","9":"taxable","10":"shipping-taxable","11":"purchasable","12":"product-type-simple"},"_links":{"self":[{"href":"https:\/\/actionmall.act.at\/shop\/372\/en\/wp-json\/wp\/v2\/product\/328"}],"collection":[{"href":"https:\/\/actionmall.act.at\/shop\/372\/en\/wp-json\/wp\/v2\/product"}],"about":[{"href":"https:\/\/actionmall.act.at\/shop\/372\/en\/wp-json\/wp\/v2\/types\/product"}],"wp:featuredmedia":[{"embeddable":true,"href":"https:\/\/actionmall.act.at\/shop\/372\/en\/wp-json\/wp\/v2\/media\/423"}],"wp:attachment":[{"href":"https:\/\/actionmall.act.at\/shop\/372\/en\/wp-json\/wp\/v2\/media?parent=328"}],"wp:term":[{"taxonomy":"product_cat","embeddable":true,"href":"https:\/\/actionmall.act.at\/shop\/372\/en\/wp-json\/wp\/v2\/product_cat?post=328"},{"taxonomy":"product_tag","embeddable":true,"href":"https:\/\/actionmall.act.at\/shop\/372\/en\/wp-json\/wp\/v2\/product_tag?post=328"}],"curies":[{"name":"wp","href":"https:\/\/api.w.org\/{rel}","templated":true}]}}