{"id":441,"date":"2026-01-14T16:21:50","date_gmt":"2026-01-14T15:21:50","guid":{"rendered":"https:\/\/actionmall.act.at\/shop\/372\/?post_type=product&#038;p=441"},"modified":"2026-01-14T16:21:50","modified_gmt":"2026-01-14T15:21:50","slug":"avwf-ocean-volume-1-audio-download","status":"publish","type":"product","link":"https:\/\/actionmall.act.at\/shop\/372\/en\/produkt\/avwf-ocean-volume-1-audio-download\/","title":{"rendered":"AVWF-Ocean Volume 1 Audio Download"},"content":{"rendered":"<p><strong><em>AVWF \u2013 Ocean Volume 1<\/em><\/strong> entf\u00fchrt dich mit tiefen, lebendigen Meereskl\u00e4ngen direkt an den Ozean. Perfekt zum Entspannen, Abschalten oder als atmosph\u00e4rischer Sound f\u00fcr besondere Momente.<\/p>\n","protected":false},"excerpt":{"rendered":"<p>AVWF \u2013 Ocean Volume 1 entf\u00fchrt dich mit tiefen, lebendigen Meereskl\u00e4ngen direkt an den Ozean. Perfekt zum Entspannen, Abschalten oder als atmosph\u00e4rischer Sound f\u00fcr besondere Momente.<\/p>\n","protected":false},"featured_media":442,"template":"","meta":[],"product_cat":[],"product_tag":[],"class_list":{"0":"post-441","1":"product","2":"type-product","3":"status-publish","4":"has-post-thumbnail","7":"first","8":"instock","9":"taxable","10":"shipping-taxable","11":"purchasable","12":"product-type-simple"},"_links":{"self":[{"href":"https:\/\/actionmall.act.at\/shop\/372\/en\/wp-json\/wp\/v2\/product\/441"}],"collection":[{"href":"https:\/\/actionmall.act.at\/shop\/372\/en\/wp-json\/wp\/v2\/product"}],"about":[{"href":"https:\/\/actionmall.act.at\/shop\/372\/en\/wp-json\/wp\/v2\/types\/product"}],"wp:featuredmedia":[{"embeddable":true,"href":"https:\/\/actionmall.act.at\/shop\/372\/en\/wp-json\/wp\/v2\/media\/442"}],"wp:attachment":[{"href":"https:\/\/actionmall.act.at\/shop\/372\/en\/wp-json\/wp\/v2\/media?parent=441"}],"wp:term":[{"taxonomy":"product_cat","embeddable":true,"href":"https:\/\/actionmall.act.at\/shop\/372\/en\/wp-json\/wp\/v2\/product_cat?post=441"},{"taxonomy":"product_tag","embeddable":true,"href":"https:\/\/actionmall.act.at\/shop\/372\/en\/wp-json\/wp\/v2\/product_tag?post=441"}],"curies":[{"name":"wp","href":"https:\/\/api.w.org\/{rel}","templated":true}]}}