{"id":443,"date":"2026-01-14T16:36:32","date_gmt":"2026-01-14T15:36:32","guid":{"rendered":"https:\/\/actionmall.act.at\/shop\/372\/?post_type=product&#038;p=443"},"modified":"2026-01-14T16:36:32","modified_gmt":"2026-01-14T15:36:32","slug":"akupressurmatte","status":"publish","type":"product","link":"https:\/\/actionmall.act.at\/shop\/372\/en\/produkt\/akupressurmatte\/","title":{"rendered":"Akupressurmatte"},"content":{"rendered":"<p>Die <strong>Akupressurmatte <\/strong>verwandelt jeden Moment in eine kleine Wohlf\u00fchloase. Sanfter Druck auf gezielte Akupressurpunkte f\u00f6rdert Entspannung, l\u00f6st Verspannungen und unterst\u00fctzt das allgemeine Wohlbefinden. Perfekt f\u00fcr erholsame Pausen, abendliche Routine oder bewusste Auszeiten vom Alltag.<\/p>\n<p>Einfach auslegen, entspannen und die beruhigende Wirkung auf K\u00f6rper und Geist genie\u00dfen, ideal f\u00fcr Nacken, R\u00fccken, Schultern und F\u00fc\u00dfe.<\/p>\n","protected":false},"excerpt":{"rendered":"<p>Die Akupressurmatte verwandelt jeden Moment in eine kleine Wohlf\u00fchloase. Sanfter Druck auf gezielte Akupressurpunkte f\u00f6rdert Entspannung, l\u00f6st Verspannungen und unterst\u00fctzt das allgemeine Wohlbefinden. Perfekt f\u00fcr erholsame Pausen, abendliche Routine oder bewusste Auszeiten vom Alltag. Einfach auslegen, entspannen und die beruhigende Wirkung auf K\u00f6rper und Geist genie\u00dfen, ideal f\u00fcr Nacken, R\u00fccken, Schultern und F\u00fc\u00dfe.<\/p>\n","protected":false},"featured_media":444,"template":"","meta":[],"product_cat":[],"product_tag":[],"class_list":{"0":"post-443","1":"product","2":"type-product","3":"status-publish","4":"has-post-thumbnail","7":"first","8":"instock","9":"taxable","10":"shipping-taxable","11":"purchasable","12":"product-type-simple"},"_links":{"self":[{"href":"https:\/\/actionmall.act.at\/shop\/372\/en\/wp-json\/wp\/v2\/product\/443"}],"collection":[{"href":"https:\/\/actionmall.act.at\/shop\/372\/en\/wp-json\/wp\/v2\/product"}],"about":[{"href":"https:\/\/actionmall.act.at\/shop\/372\/en\/wp-json\/wp\/v2\/types\/product"}],"wp:featuredmedia":[{"embeddable":true,"href":"https:\/\/actionmall.act.at\/shop\/372\/en\/wp-json\/wp\/v2\/media\/444"}],"wp:attachment":[{"href":"https:\/\/actionmall.act.at\/shop\/372\/en\/wp-json\/wp\/v2\/media?parent=443"}],"wp:term":[{"taxonomy":"product_cat","embeddable":true,"href":"https:\/\/actionmall.act.at\/shop\/372\/en\/wp-json\/wp\/v2\/product_cat?post=443"},{"taxonomy":"product_tag","embeddable":true,"href":"https:\/\/actionmall.act.at\/shop\/372\/en\/wp-json\/wp\/v2\/product_tag?post=443"}],"curies":[{"name":"wp","href":"https:\/\/api.w.org\/{rel}","templated":true}]}}