{"id":445,"date":"2026-01-14T16:38:56","date_gmt":"2026-01-14T15:38:56","guid":{"rendered":"https:\/\/actionmall.act.at\/shop\/372\/?post_type=product&#038;p=445"},"modified":"2026-01-14T16:38:56","modified_gmt":"2026-01-14T15:38:56","slug":"akupressurpolster","status":"publish","type":"product","link":"https:\/\/actionmall.act.at\/shop\/372\/en\/produkt\/akupressurpolster\/","title":{"rendered":"Akupressurpolster"},"content":{"rendered":"<p>Das <strong>Akupressurpolster <\/strong>bietet gezielte Entspannung f\u00fcr Nacken, R\u00fccken und Schultern. Durch sanften Druck auf ausgew\u00e4hlte Akupressurpunkte unterst\u00fctzt es wohltuende Entlastung und f\u00f6rdert tiefe Ruhephasen, ideal nach einem langen Tag oder f\u00fcr bewusste Auszeiten.<\/p>\n<p>Kompakt, vielseitig einsetzbar und leicht in den Alltag integrierbar, f\u00fcr mehr Wohlbefinden und entspannte Momente.<\/p>\n","protected":false},"excerpt":{"rendered":"<p>Das Akupressurpolster bietet gezielte Entspannung f\u00fcr Nacken, R\u00fccken und Schultern. Durch sanften Druck auf ausgew\u00e4hlte Akupressurpunkte unterst\u00fctzt es wohltuende Entlastung und f\u00f6rdert tiefe Ruhephasen, ideal nach einem langen Tag oder f\u00fcr bewusste Auszeiten. Kompakt, vielseitig einsetzbar und leicht in den Alltag integrierbar, f\u00fcr mehr Wohlbefinden und entspannte Momente.<\/p>\n","protected":false},"featured_media":446,"template":"","meta":[],"product_cat":[],"product_tag":[],"class_list":{"0":"post-445","1":"product","2":"type-product","3":"status-publish","4":"has-post-thumbnail","7":"first","8":"instock","9":"taxable","10":"shipping-taxable","11":"purchasable","12":"product-type-simple"},"_links":{"self":[{"href":"https:\/\/actionmall.act.at\/shop\/372\/en\/wp-json\/wp\/v2\/product\/445"}],"collection":[{"href":"https:\/\/actionmall.act.at\/shop\/372\/en\/wp-json\/wp\/v2\/product"}],"about":[{"href":"https:\/\/actionmall.act.at\/shop\/372\/en\/wp-json\/wp\/v2\/types\/product"}],"wp:featuredmedia":[{"embeddable":true,"href":"https:\/\/actionmall.act.at\/shop\/372\/en\/wp-json\/wp\/v2\/media\/446"}],"wp:attachment":[{"href":"https:\/\/actionmall.act.at\/shop\/372\/en\/wp-json\/wp\/v2\/media?parent=445"}],"wp:term":[{"taxonomy":"product_cat","embeddable":true,"href":"https:\/\/actionmall.act.at\/shop\/372\/en\/wp-json\/wp\/v2\/product_cat?post=445"},{"taxonomy":"product_tag","embeddable":true,"href":"https:\/\/actionmall.act.at\/shop\/372\/en\/wp-json\/wp\/v2\/product_tag?post=445"}],"curies":[{"name":"wp","href":"https:\/\/api.w.org\/{rel}","templated":true}]}}