{"id":254,"date":"2025-02-20T12:58:41","date_gmt":"2025-02-20T11:58:41","guid":{"rendered":"https:\/\/actionmall.act.at\/shop\/372\/?post_type=product&#038;p=254"},"modified":"2026-01-21T16:27:23","modified_gmt":"2026-01-21T15:27:23","slug":"violine-1-audio","status":"publish","type":"product","link":"https:\/\/actionmall.act.at\/shop\/372\/produkt\/violine-1-audio\/","title":{"rendered":"AVWF-Violine 1 Audio Download"},"content":{"rendered":"<p>Mit modulierten Schallwellen zu einer verbesserten Regeneration<\/p>\n<p>Erleben Sie die Kraft modulierten Schalls \u2013 ideal f\u00fcr regeneratives Laufen, mentales Training im Sport oder zur tiefen Entspannung am Abend.<\/p>\n<p>F\u00f6rdern Sie Erholung, innere Balance und Leistungsf\u00e4higkeit auf nat\u00fcrliche Weise.<\/p>\n<p>Nur f\u00fcr den privaten Gebrauch.<\/p>\n","protected":false},"excerpt":{"rendered":"<p>Mit modulierten Schallwellen zu einer verbesserten Regeneration Erleben Sie die Kraft modulierten Schalls \u2013 ideal f\u00fcr regeneratives Laufen, mentales Training im Sport oder zur tiefen Entspannung am Abend. F\u00f6rdern Sie Erholung, innere Balance und Leistungsf\u00e4higkeit auf nat\u00fcrliche Weise. Nur f\u00fcr den privaten Gebrauch.<\/p>\n","protected":false},"featured_media":407,"template":"","meta":[],"product_cat":[],"product_tag":[],"class_list":{"0":"post-254","1":"product","2":"type-product","3":"status-publish","4":"has-post-thumbnail","7":"first","8":"instock","9":"taxable","10":"shipping-taxable","11":"purchasable","12":"product-type-simple"},"_links":{"self":[{"href":"https:\/\/actionmall.act.at\/shop\/372\/wp-json\/wp\/v2\/product\/254"}],"collection":[{"href":"https:\/\/actionmall.act.at\/shop\/372\/wp-json\/wp\/v2\/product"}],"about":[{"href":"https:\/\/actionmall.act.at\/shop\/372\/wp-json\/wp\/v2\/types\/product"}],"wp:featuredmedia":[{"embeddable":true,"href":"https:\/\/actionmall.act.at\/shop\/372\/wp-json\/wp\/v2\/media\/407"}],"wp:attachment":[{"href":"https:\/\/actionmall.act.at\/shop\/372\/wp-json\/wp\/v2\/media?parent=254"}],"wp:term":[{"taxonomy":"product_cat","embeddable":true,"href":"https:\/\/actionmall.act.at\/shop\/372\/wp-json\/wp\/v2\/product_cat?post=254"},{"taxonomy":"product_tag","embeddable":true,"href":"https:\/\/actionmall.act.at\/shop\/372\/wp-json\/wp\/v2\/product_tag?post=254"}],"curies":[{"name":"wp","href":"https:\/\/api.w.org\/{rel}","templated":true}]}}