{"id":265,"date":"2025-02-20T13:06:16","date_gmt":"2025-02-20T12:06:16","guid":{"rendered":"https:\/\/actionmall.act.at\/shop\/372\/?post_type=product&#038;p=265"},"modified":"2026-01-14T15:20:38","modified_gmt":"2026-01-14T14:20:38","slug":"spezialschokolade-8-tafeln","status":"publish","type":"product","link":"https:\/\/actionmall.act.at\/shop\/372\/produkt\/spezialschokolade-8-tafeln\/","title":{"rendered":"AVWF-Spezialschokoladenerzeugnis 8 Tafeln"},"content":{"rendered":"<p><strong>AVWF Spezialschokolade mit Rhodiola, Gew\u00fcrzen und Aminos\u00e4uren<\/strong><\/p>\n<p>Diese au\u00dfergew\u00f6hnliche Schokolade vereint nat\u00fcrlichen Genuss mit funktioneller Wirkung:<\/p>\n<p>Rhodiola, ausgew\u00e4hlte Gew\u00fcrze und Aminos\u00e4uren unterst\u00fctzen die hormonelle Regeneration und helfen, den Fettstoffwechsel zu normalisieren.<\/p>\n<p>Hergestellt in Deutschland \u2013 mit feinem Kokosbl\u00fctenzucker und einem Kakaoanteil von \u00fcber 70 %.<\/p>\n<p>Ein St\u00fcck Wohlbefinden \u2013 f\u00fcr K\u00f6rper und Geist.<\/p>\n","protected":false},"excerpt":{"rendered":"<p>AVWF Spezialschokolade mit Rhodiola, Gew\u00fcrzen und Aminos\u00e4uren Diese au\u00dfergew\u00f6hnliche Schokolade vereint nat\u00fcrlichen Genuss mit funktioneller Wirkung: Rhodiola, ausgew\u00e4hlte Gew\u00fcrze und Aminos\u00e4uren unterst\u00fctzen die hormonelle Regeneration und helfen, den Fettstoffwechsel zu normalisieren. Hergestellt in Deutschland \u2013 mit feinem Kokosbl\u00fctenzucker und einem Kakaoanteil von \u00fcber 70 %. Ein St\u00fcck Wohlbefinden \u2013 f\u00fcr K\u00f6rper und Geist.<\/p>\n","protected":false},"featured_media":394,"template":"","meta":[],"product_cat":[],"product_tag":[],"class_list":{"0":"post-265","1":"product","2":"type-product","3":"status-publish","4":"has-post-thumbnail","7":"first","8":"instock","9":"taxable","10":"shipping-taxable","11":"purchasable","12":"product-type-simple"},"_links":{"self":[{"href":"https:\/\/actionmall.act.at\/shop\/372\/wp-json\/wp\/v2\/product\/265"}],"collection":[{"href":"https:\/\/actionmall.act.at\/shop\/372\/wp-json\/wp\/v2\/product"}],"about":[{"href":"https:\/\/actionmall.act.at\/shop\/372\/wp-json\/wp\/v2\/types\/product"}],"wp:featuredmedia":[{"embeddable":true,"href":"https:\/\/actionmall.act.at\/shop\/372\/wp-json\/wp\/v2\/media\/394"}],"wp:attachment":[{"href":"https:\/\/actionmall.act.at\/shop\/372\/wp-json\/wp\/v2\/media?parent=265"}],"wp:term":[{"taxonomy":"product_cat","embeddable":true,"href":"https:\/\/actionmall.act.at\/shop\/372\/wp-json\/wp\/v2\/product_cat?post=265"},{"taxonomy":"product_tag","embeddable":true,"href":"https:\/\/actionmall.act.at\/shop\/372\/wp-json\/wp\/v2\/product_tag?post=265"}],"curies":[{"name":"wp","href":"https:\/\/api.w.org\/{rel}","templated":true}]}}