{"id":267,"date":"2025-02-20T13:07:08","date_gmt":"2025-02-20T12:07:08","guid":{"rendered":"https:\/\/actionmall.act.at\/shop\/372\/?post_type=product&#038;p=267"},"modified":"2026-01-14T15:08:24","modified_gmt":"2026-01-14T14:08:24","slug":"spezialschokolade-40-tafeln","status":"publish","type":"product","link":"https:\/\/actionmall.act.at\/shop\/372\/produkt\/spezialschokolade-40-tafeln\/","title":{"rendered":"AVWF-Spezialschokoladenerzeugnis 40 Tafeln"},"content":{"rendered":"<p><strong>AVWF Spezialschokolade mit Rhodiola, Gew\u00fcrzen und Aminos\u00e4uren<\/strong><\/p>\n<p>Genuss trifft Funktion: Diese besondere Schokolade wurde entwickelt, um die hormonelle Regeneration zu unterst\u00fctzen und den Fettstoffwechsel zu normalisieren. Verfeinert mit Rhodiola (Rosenwurzelextrakt), ausgew\u00e4hlten Gew\u00fcrzen und Aminos\u00e4uren vereint sie wohltuende Inhaltsstoffe mit intensivem Geschmack.<\/p>\n<p>Hergestellt in Deutschland, mit Kokosbl\u00fctenzucker ges\u00fc\u00dft und einem Kakaoanteil von \u00fcber 70% \u2013 f\u00fcr bewussten Genuss auf h\u00f6chstem Niveau.<\/p>\n","protected":false},"excerpt":{"rendered":"<p>AVWF Spezialschokolade mit Rhodiola, Gew\u00fcrzen und Aminos\u00e4uren Genuss trifft Funktion: Diese besondere Schokolade wurde entwickelt, um die hormonelle Regeneration zu unterst\u00fctzen und den Fettstoffwechsel zu normalisieren. Verfeinert mit Rhodiola (Rosenwurzelextrakt), ausgew\u00e4hlten Gew\u00fcrzen und Aminos\u00e4uren vereint sie wohltuende Inhaltsstoffe mit intensivem Geschmack. Hergestellt in Deutschland, mit Kokosbl\u00fctenzucker ges\u00fc\u00dft und einem Kakaoanteil von \u00fcber 70% \u2013 f\u00fcr [&hellip;]<\/p>\n","protected":false},"featured_media":394,"template":"","meta":[],"product_cat":[],"product_tag":[],"class_list":{"0":"post-267","1":"product","2":"type-product","3":"status-publish","4":"has-post-thumbnail","7":"first","8":"instock","9":"taxable","10":"shipping-taxable","11":"purchasable","12":"product-type-simple"},"_links":{"self":[{"href":"https:\/\/actionmall.act.at\/shop\/372\/wp-json\/wp\/v2\/product\/267"}],"collection":[{"href":"https:\/\/actionmall.act.at\/shop\/372\/wp-json\/wp\/v2\/product"}],"about":[{"href":"https:\/\/actionmall.act.at\/shop\/372\/wp-json\/wp\/v2\/types\/product"}],"wp:featuredmedia":[{"embeddable":true,"href":"https:\/\/actionmall.act.at\/shop\/372\/wp-json\/wp\/v2\/media\/394"}],"wp:attachment":[{"href":"https:\/\/actionmall.act.at\/shop\/372\/wp-json\/wp\/v2\/media?parent=267"}],"wp:term":[{"taxonomy":"product_cat","embeddable":true,"href":"https:\/\/actionmall.act.at\/shop\/372\/wp-json\/wp\/v2\/product_cat?post=267"},{"taxonomy":"product_tag","embeddable":true,"href":"https:\/\/actionmall.act.at\/shop\/372\/wp-json\/wp\/v2\/product_tag?post=267"}],"curies":[{"name":"wp","href":"https:\/\/api.w.org\/{rel}","templated":true}]}}