{"id":286,"date":"2024-11-21T12:00:40","date_gmt":"2024-11-21T11:00:40","guid":{"rendered":"https:\/\/actionmall.act.at\/shop\/372\/?post_type=product&#038;p=286"},"modified":"2025-12-10T16:01:48","modified_gmt":"2025-12-10T15:01:48","slug":"handdesinfektiosmittel-250-ml","status":"publish","type":"product","link":"https:\/\/actionmall.act.at\/shop\/372\/produkt\/handdesinfektiosmittel-250-ml\/","title":{"rendered":"Handdesinfektiosmittel 250 ml"},"content":{"rendered":"<p><strong>Handdesinfektiosmittel 250 ml, <\/strong>sch\u00fctzt zuverl\u00e4ssig vor Bakterien und Viren, pflegt die Haut und sorgt f\u00fcr ein sauberes, sicheres Gef\u00fchl unterwegs und zu Hause.<\/p>\n","protected":false},"excerpt":{"rendered":"<p>Handdesinfektiosmittel 250 ml, sch\u00fctzt zuverl\u00e4ssig vor Bakterien und Viren, pflegt die Haut und sorgt f\u00fcr ein sauberes, sicheres Gef\u00fchl unterwegs und zu Hause.<\/p>\n","protected":false},"featured_media":415,"template":"","meta":[],"product_cat":[],"product_tag":[],"class_list":{"0":"post-286","1":"product","2":"type-product","3":"status-publish","4":"has-post-thumbnail","7":"first","8":"instock","9":"taxable","10":"shipping-taxable","11":"purchasable","12":"product-type-simple"},"_links":{"self":[{"href":"https:\/\/actionmall.act.at\/shop\/372\/wp-json\/wp\/v2\/product\/286"}],"collection":[{"href":"https:\/\/actionmall.act.at\/shop\/372\/wp-json\/wp\/v2\/product"}],"about":[{"href":"https:\/\/actionmall.act.at\/shop\/372\/wp-json\/wp\/v2\/types\/product"}],"wp:featuredmedia":[{"embeddable":true,"href":"https:\/\/actionmall.act.at\/shop\/372\/wp-json\/wp\/v2\/media\/415"}],"wp:attachment":[{"href":"https:\/\/actionmall.act.at\/shop\/372\/wp-json\/wp\/v2\/media?parent=286"}],"wp:term":[{"taxonomy":"product_cat","embeddable":true,"href":"https:\/\/actionmall.act.at\/shop\/372\/wp-json\/wp\/v2\/product_cat?post=286"},{"taxonomy":"product_tag","embeddable":true,"href":"https:\/\/actionmall.act.at\/shop\/372\/wp-json\/wp\/v2\/product_tag?post=286"}],"curies":[{"name":"wp","href":"https:\/\/api.w.org\/{rel}","templated":true}]}}