{"id":294,"date":"2024-11-21T12:04:33","date_gmt":"2024-11-21T11:04:33","guid":{"rendered":"https:\/\/actionmall.act.at\/shop\/372\/?post_type=product&#038;p=294"},"modified":"2026-01-14T16:12:31","modified_gmt":"2026-01-14T15:12:31","slug":"federbrett-fuer-senso-motorisches-training-40-kg","status":"publish","type":"product","link":"https:\/\/actionmall.act.at\/shop\/372\/produkt\/federbrett-fuer-senso-motorisches-training-40-kg\/","title":{"rendered":"AVWF-Federbrett f\u00fcr senso-motorisches Training 40 kg"},"content":{"rendered":"<p>Das AVWF Federbrett f\u00fcr Neurocoaching erm\u00f6glicht dreidimensionales sensomotorisches Training und unterst\u00fctzt Balance, Koordination sowie K\u00f6rperwahrnehmung. Geeignet f\u00fcr unterschiedliche Gewichtsklassen.<\/p>\n","protected":false},"excerpt":{"rendered":"<p>Das AVWF Federbrett f\u00fcr Neurocoaching erm\u00f6glicht dreidimensionales sensomotorisches Training und unterst\u00fctzt Balance, Koordination sowie K\u00f6rperwahrnehmung. Geeignet f\u00fcr unterschiedliche Gewichtsklassen.<\/p>\n","protected":false},"featured_media":420,"template":"","meta":[],"product_cat":[],"product_tag":[],"class_list":{"0":"post-294","1":"product","2":"type-product","3":"status-publish","4":"has-post-thumbnail","7":"first","8":"instock","9":"taxable","10":"shipping-taxable","11":"purchasable","12":"product-type-simple"},"_links":{"self":[{"href":"https:\/\/actionmall.act.at\/shop\/372\/wp-json\/wp\/v2\/product\/294"}],"collection":[{"href":"https:\/\/actionmall.act.at\/shop\/372\/wp-json\/wp\/v2\/product"}],"about":[{"href":"https:\/\/actionmall.act.at\/shop\/372\/wp-json\/wp\/v2\/types\/product"}],"wp:featuredmedia":[{"embeddable":true,"href":"https:\/\/actionmall.act.at\/shop\/372\/wp-json\/wp\/v2\/media\/420"}],"wp:attachment":[{"href":"https:\/\/actionmall.act.at\/shop\/372\/wp-json\/wp\/v2\/media?parent=294"}],"wp:term":[{"taxonomy":"product_cat","embeddable":true,"href":"https:\/\/actionmall.act.at\/shop\/372\/wp-json\/wp\/v2\/product_cat?post=294"},{"taxonomy":"product_tag","embeddable":true,"href":"https:\/\/actionmall.act.at\/shop\/372\/wp-json\/wp\/v2\/product_tag?post=294"}],"curies":[{"name":"wp","href":"https:\/\/api.w.org\/{rel}","templated":true}]}}