{"id":296,"date":"2024-11-21T12:05:08","date_gmt":"2024-11-21T11:05:08","guid":{"rendered":"https:\/\/actionmall.act.at\/shop\/372\/?post_type=product&#038;p=296"},"modified":"2025-12-17T15:13:26","modified_gmt":"2025-12-17T14:13:26","slug":"ffp2-masken","status":"publish","type":"product","link":"https:\/\/actionmall.act.at\/shop\/372\/produkt\/ffp2-masken\/","title":{"rendered":"FFP2 Masken"},"content":{"rendered":"<p>Maximaler Schutz, hoher Tragekomfort \u2013 unsere <strong>FFP2-Atemschutzmasken<\/strong> filtern zuverl\u00e4ssig Partikel aus der Luft und sch\u00fctzen Sie sicher im Alltag.<\/p>\n<p>Ideal f\u00fcr Arbeit, Reisen oder den t\u00e4glichen Gebrauch.<\/p>\n","protected":false},"excerpt":{"rendered":"<p>Maximaler Schutz, hoher Tragekomfort \u2013 unsere FFP2-Atemschutzmasken filtern zuverl\u00e4ssig Partikel aus der Luft und sch\u00fctzen Sie sicher im Alltag. Ideal f\u00fcr Arbeit, Reisen oder den t\u00e4glichen Gebrauch.<\/p>\n","protected":false},"featured_media":414,"template":"","meta":[],"product_cat":[],"product_tag":[],"class_list":{"0":"post-296","1":"product","2":"type-product","3":"status-publish","4":"has-post-thumbnail","7":"first","8":"instock","9":"taxable","10":"shipping-taxable","11":"purchasable","12":"product-type-simple"},"_links":{"self":[{"href":"https:\/\/actionmall.act.at\/shop\/372\/wp-json\/wp\/v2\/product\/296"}],"collection":[{"href":"https:\/\/actionmall.act.at\/shop\/372\/wp-json\/wp\/v2\/product"}],"about":[{"href":"https:\/\/actionmall.act.at\/shop\/372\/wp-json\/wp\/v2\/types\/product"}],"wp:featuredmedia":[{"embeddable":true,"href":"https:\/\/actionmall.act.at\/shop\/372\/wp-json\/wp\/v2\/media\/414"}],"wp:attachment":[{"href":"https:\/\/actionmall.act.at\/shop\/372\/wp-json\/wp\/v2\/media?parent=296"}],"wp:term":[{"taxonomy":"product_cat","embeddable":true,"href":"https:\/\/actionmall.act.at\/shop\/372\/wp-json\/wp\/v2\/product_cat?post=296"},{"taxonomy":"product_tag","embeddable":true,"href":"https:\/\/actionmall.act.at\/shop\/372\/wp-json\/wp\/v2\/product_tag?post=296"}],"curies":[{"name":"wp","href":"https:\/\/api.w.org\/{rel}","templated":true}]}}