{"id":304,"date":"2024-11-21T12:06:08","date_gmt":"2024-11-21T11:06:08","guid":{"rendered":"https:\/\/actionmall.act.at\/shop\/372\/?post_type=product&#038;p=304"},"modified":"2025-12-17T15:06:15","modified_gmt":"2025-12-17T14:06:15","slug":"desinfektionsmittel-kanister-5l","status":"publish","type":"product","link":"https:\/\/actionmall.act.at\/shop\/372\/produkt\/desinfektionsmittel-kanister-5l\/","title":{"rendered":"Desinfektionsmittel Kanister 5l"},"content":{"rendered":"<p><strong>Alkoholische Desinfektionsl\u00f6sung <\/strong>f\u00fcr Haut und Fl\u00e4chen \u2013 zuverl\u00e4ssig gegen Bakterien, Pilze und Viren, ideal zum einfachen Nachf\u00fcllen.<\/p>\n","protected":false},"excerpt":{"rendered":"<p>Alkoholische Desinfektionsl\u00f6sung f\u00fcr Haut und Fl\u00e4chen \u2013 zuverl\u00e4ssig gegen Bakterien, Pilze und Viren, ideal zum einfachen Nachf\u00fcllen.<\/p>\n","protected":false},"featured_media":305,"template":"","meta":[],"product_cat":[],"product_tag":[],"class_list":{"0":"post-304","1":"product","2":"type-product","3":"status-publish","4":"has-post-thumbnail","7":"first","8":"instock","9":"taxable","10":"shipping-taxable","11":"purchasable","12":"product-type-simple"},"_links":{"self":[{"href":"https:\/\/actionmall.act.at\/shop\/372\/wp-json\/wp\/v2\/product\/304"}],"collection":[{"href":"https:\/\/actionmall.act.at\/shop\/372\/wp-json\/wp\/v2\/product"}],"about":[{"href":"https:\/\/actionmall.act.at\/shop\/372\/wp-json\/wp\/v2\/types\/product"}],"wp:featuredmedia":[{"embeddable":true,"href":"https:\/\/actionmall.act.at\/shop\/372\/wp-json\/wp\/v2\/media\/305"}],"wp:attachment":[{"href":"https:\/\/actionmall.act.at\/shop\/372\/wp-json\/wp\/v2\/media?parent=304"}],"wp:term":[{"taxonomy":"product_cat","embeddable":true,"href":"https:\/\/actionmall.act.at\/shop\/372\/wp-json\/wp\/v2\/product_cat?post=304"},{"taxonomy":"product_tag","embeddable":true,"href":"https:\/\/actionmall.act.at\/shop\/372\/wp-json\/wp\/v2\/product_tag?post=304"}],"curies":[{"name":"wp","href":"https:\/\/api.w.org\/{rel}","templated":true}]}}