{"id":326,"date":"2025-01-16T12:52:46","date_gmt":"2025-01-16T11:52:46","guid":{"rendered":"https:\/\/actionmall.act.at\/shop\/372\/?post_type=product&#038;p=326"},"modified":"2026-01-14T16:00:52","modified_gmt":"2026-01-14T15:00:52","slug":"magnesium-120-kapseln","status":"publish","type":"product","link":"https:\/\/actionmall.act.at\/shop\/372\/produkt\/magnesium-120-kapseln\/","title":{"rendered":"Magnesium Kapseln"},"content":{"rendered":"<p><strong>Magnesium<\/strong> ist ein essentielles Mineral, das eine zentrale Rolle f\u00fcr Muskeln, Nerven, Energiehaushalt und Knochengesundheit spielt. Unsere hochwertigen Magnesium-Kapseln unterst\u00fctzen den K\u00f6rper optimal bei der t\u00e4glichen Versorgung, helfen, Muskelkr\u00e4mpfe und M\u00fcdigkeit zu reduzieren, und f\u00f6rdern das allgemeine Wohlbefinden. Mit 120 Kapseln pro Packung bieten sie eine praktische und langfristige Erg\u00e4nzung f\u00fcr mehr Energie und Ausgeglichenheit im Alltag.<\/p>\n","protected":false},"excerpt":{"rendered":"<p>Magnesium ist ein essentielles Mineral, das eine zentrale Rolle f\u00fcr Muskeln, Nerven, Energiehaushalt und Knochengesundheit spielt. Unsere hochwertigen Magnesium-Kapseln unterst\u00fctzen den K\u00f6rper optimal bei der t\u00e4glichen Versorgung, helfen, Muskelkr\u00e4mpfe und M\u00fcdigkeit zu reduzieren, und f\u00f6rdern das allgemeine Wohlbefinden. Mit 120 Kapseln pro Packung bieten sie eine praktische und langfristige Erg\u00e4nzung f\u00fcr mehr Energie und Ausgeglichenheit [&hellip;]<\/p>\n","protected":false},"featured_media":386,"template":"","meta":[],"product_cat":[],"product_tag":[],"class_list":{"0":"post-326","1":"product","2":"type-product","3":"status-publish","4":"has-post-thumbnail","7":"first","8":"instock","9":"taxable","10":"shipping-taxable","11":"purchasable","12":"product-type-simple"},"_links":{"self":[{"href":"https:\/\/actionmall.act.at\/shop\/372\/wp-json\/wp\/v2\/product\/326"}],"collection":[{"href":"https:\/\/actionmall.act.at\/shop\/372\/wp-json\/wp\/v2\/product"}],"about":[{"href":"https:\/\/actionmall.act.at\/shop\/372\/wp-json\/wp\/v2\/types\/product"}],"wp:featuredmedia":[{"embeddable":true,"href":"https:\/\/actionmall.act.at\/shop\/372\/wp-json\/wp\/v2\/media\/386"}],"wp:attachment":[{"href":"https:\/\/actionmall.act.at\/shop\/372\/wp-json\/wp\/v2\/media?parent=326"}],"wp:term":[{"taxonomy":"product_cat","embeddable":true,"href":"https:\/\/actionmall.act.at\/shop\/372\/wp-json\/wp\/v2\/product_cat?post=326"},{"taxonomy":"product_tag","embeddable":true,"href":"https:\/\/actionmall.act.at\/shop\/372\/wp-json\/wp\/v2\/product_tag?post=326"}],"curies":[{"name":"wp","href":"https:\/\/api.w.org\/{rel}","templated":true}]}}