{"id":437,"date":"2026-01-14T15:38:30","date_gmt":"2026-01-14T14:38:30","guid":{"rendered":"https:\/\/actionmall.act.at\/shop\/372\/?post_type=product&#038;p=437"},"modified":"2026-01-14T15:38:46","modified_gmt":"2026-01-14T14:38:46","slug":"studio-kopfhoerer-fuer-unterwegs","status":"publish","type":"product","link":"https:\/\/actionmall.act.at\/shop\/372\/produkt\/studio-kopfhoerer-fuer-unterwegs\/","title":{"rendered":"Studio Kopfh\u00f6rer f\u00fcr unterwegs"},"content":{"rendered":"<p><strong><em>Studio Kopfh\u00f6rer f\u00fcr unterwegs<\/em><\/strong> \u2013 kraftvoller, detailreicher Sound in kompaktem Design. Ideal f\u00fcr mobiles Produzieren, pr\u00e4zises H\u00f6ren und Musikgenuss \u00fcberall.<\/p>\n","protected":false},"excerpt":{"rendered":"<p>Studio Kopfh\u00f6rer f\u00fcr unterwegs \u2013 kraftvoller, detailreicher Sound in kompaktem Design. Ideal f\u00fcr mobiles Produzieren, pr\u00e4zises H\u00f6ren und Musikgenuss \u00fcberall.<\/p>\n","protected":false},"featured_media":396,"template":"","meta":[],"product_cat":[],"product_tag":[],"class_list":{"0":"post-437","1":"product","2":"type-product","3":"status-publish","4":"has-post-thumbnail","7":"first","8":"instock","9":"taxable","10":"shipping-taxable","11":"purchasable","12":"product-type-simple"},"_links":{"self":[{"href":"https:\/\/actionmall.act.at\/shop\/372\/wp-json\/wp\/v2\/product\/437"}],"collection":[{"href":"https:\/\/actionmall.act.at\/shop\/372\/wp-json\/wp\/v2\/product"}],"about":[{"href":"https:\/\/actionmall.act.at\/shop\/372\/wp-json\/wp\/v2\/types\/product"}],"wp:featuredmedia":[{"embeddable":true,"href":"https:\/\/actionmall.act.at\/shop\/372\/wp-json\/wp\/v2\/media\/396"}],"wp:attachment":[{"href":"https:\/\/actionmall.act.at\/shop\/372\/wp-json\/wp\/v2\/media?parent=437"}],"wp:term":[{"taxonomy":"product_cat","embeddable":true,"href":"https:\/\/actionmall.act.at\/shop\/372\/wp-json\/wp\/v2\/product_cat?post=437"},{"taxonomy":"product_tag","embeddable":true,"href":"https:\/\/actionmall.act.at\/shop\/372\/wp-json\/wp\/v2\/product_tag?post=437"}],"curies":[{"name":"wp","href":"https:\/\/api.w.org\/{rel}","templated":true}]}}