{"id":447,"date":"2026-01-14T16:40:53","date_gmt":"2026-01-14T15:40:53","guid":{"rendered":"https:\/\/actionmall.act.at\/shop\/372\/?post_type=product&#038;p=447"},"modified":"2026-01-14T16:40:53","modified_gmt":"2026-01-14T15:40:53","slug":"akupressur-set","status":"publish","type":"product","link":"https:\/\/actionmall.act.at\/shop\/372\/produkt\/akupressur-set\/","title":{"rendered":"Akupressur-Set"},"content":{"rendered":"<p><strong>Akupressur-Set<\/strong><\/p>\n<p>Dein pers\u00f6nlicher Begleiter f\u00fcr Entspannung und Wohlbefinden im Alltag. Das Akupressur-Set nutzt gezielte Druckpunkte, um Verspannungen sanft zu l\u00f6sen und Momente tiefer Entspannung zu f\u00f6rdern. Ideal nach einem langen Tag, zur Regeneration oder f\u00fcr ruhige Auszeiten zwischendurch.<\/p>\n<p>Einfach in der Anwendung, flexibel einsetzbar und perfekt, um K\u00f6rper und Geist in Einklang zu bringen \u2013 wann immer du es brauchst.<\/p>\n","protected":false},"excerpt":{"rendered":"<p>Akupressur-Set Dein pers\u00f6nlicher Begleiter f\u00fcr Entspannung und Wohlbefinden im Alltag. Das Akupressur-Set nutzt gezielte Druckpunkte, um Verspannungen sanft zu l\u00f6sen und Momente tiefer Entspannung zu f\u00f6rdern. Ideal nach einem langen Tag, zur Regeneration oder f\u00fcr ruhige Auszeiten zwischendurch. Einfach in der Anwendung, flexibel einsetzbar und perfekt, um K\u00f6rper und Geist in Einklang zu bringen \u2013 [&hellip;]<\/p>\n","protected":false},"featured_media":448,"template":"","meta":[],"product_cat":[],"product_tag":[],"class_list":{"0":"post-447","1":"product","2":"type-product","3":"status-publish","4":"has-post-thumbnail","7":"first","8":"instock","9":"taxable","10":"shipping-taxable","11":"purchasable","12":"product-type-simple"},"_links":{"self":[{"href":"https:\/\/actionmall.act.at\/shop\/372\/wp-json\/wp\/v2\/product\/447"}],"collection":[{"href":"https:\/\/actionmall.act.at\/shop\/372\/wp-json\/wp\/v2\/product"}],"about":[{"href":"https:\/\/actionmall.act.at\/shop\/372\/wp-json\/wp\/v2\/types\/product"}],"wp:featuredmedia":[{"embeddable":true,"href":"https:\/\/actionmall.act.at\/shop\/372\/wp-json\/wp\/v2\/media\/448"}],"wp:attachment":[{"href":"https:\/\/actionmall.act.at\/shop\/372\/wp-json\/wp\/v2\/media?parent=447"}],"wp:term":[{"taxonomy":"product_cat","embeddable":true,"href":"https:\/\/actionmall.act.at\/shop\/372\/wp-json\/wp\/v2\/product_cat?post=447"},{"taxonomy":"product_tag","embeddable":true,"href":"https:\/\/actionmall.act.at\/shop\/372\/wp-json\/wp\/v2\/product_tag?post=447"}],"curies":[{"name":"wp","href":"https:\/\/api.w.org\/{rel}","templated":true}]}}