{"id":261,"date":"2025-11-28T10:42:27","date_gmt":"2025-11-28T09:42:27","guid":{"rendered":"https:\/\/actionmall.act.at\/shop\/408\/?post_type=product&#038;p=261"},"modified":"2026-03-27T10:58:03","modified_gmt":"2026-03-27T09:58:03","slug":"holy-stone-hs720e-gps-drohne","status":"publish","type":"product","link":"https:\/\/actionmall.act.at\/shop\/408\/en\/produkt\/holy-stone-hs720e-gps-drohne\/","title":{"rendered":"HOLY STONE HS720E GPS-Drohne"},"content":{"rendered":"<p>Ferngesteuert mit 2 Akkus<br \/>\nLange Flugzeit<br \/>\n5G WiFi \u00dcbertragung<br \/>\nEinfache Steuerung<br \/>\nB\u00fcrstenlose und leistungsst\u00e4rkere Motoren<br \/>\nStabiler und schneller Flug<br \/>\n4K Kamera<\/p>\n","protected":false},"excerpt":{"rendered":"<p>Ferngesteuert mit 2 Akkus Lange Flugzeit 5G WiFi \u00dcbertragung Einfache Steuerung B\u00fcrstenlose und leistungsst\u00e4rkere Motoren Stabiler und schneller Flug 4K Kamera<\/p>\n","protected":false},"featured_media":262,"template":"","meta":[],"product_cat":[34],"product_tag":[],"class_list":{"0":"post-261","1":"product","2":"type-product","3":"status-publish","4":"has-post-thumbnail","6":"product_cat-autos-und-fahrzeuge","8":"first","9":"instock","10":"sale","11":"taxable","12":"shipping-taxable","13":"purchasable","14":"product-type-simple"},"_links":{"self":[{"href":"https:\/\/actionmall.act.at\/shop\/408\/en\/wp-json\/wp\/v2\/product\/261"}],"collection":[{"href":"https:\/\/actionmall.act.at\/shop\/408\/en\/wp-json\/wp\/v2\/product"}],"about":[{"href":"https:\/\/actionmall.act.at\/shop\/408\/en\/wp-json\/wp\/v2\/types\/product"}],"wp:featuredmedia":[{"embeddable":true,"href":"https:\/\/actionmall.act.at\/shop\/408\/en\/wp-json\/wp\/v2\/media\/262"}],"wp:attachment":[{"href":"https:\/\/actionmall.act.at\/shop\/408\/en\/wp-json\/wp\/v2\/media?parent=261"}],"wp:term":[{"taxonomy":"product_cat","embeddable":true,"href":"https:\/\/actionmall.act.at\/shop\/408\/en\/wp-json\/wp\/v2\/product_cat?post=261"},{"taxonomy":"product_tag","embeddable":true,"href":"https:\/\/actionmall.act.at\/shop\/408\/en\/wp-json\/wp\/v2\/product_tag?post=261"}],"curies":[{"name":"wp","href":"https:\/\/api.w.org\/{rel}","templated":true}]}}