{"id":286,"date":"2026-04-23T08:27:59","date_gmt":"2026-04-23T06:27:59","guid":{"rendered":"https:\/\/actionmall.act.at\/shop\/414\/?post_type=product&#038;p=286"},"modified":"2026-04-23T08:42:34","modified_gmt":"2026-04-23T06:42:34","slug":"fuellmaterial-gruen","status":"publish","type":"product","link":"https:\/\/actionmall.act.at\/shop\/414\/en\/produkt\/fuellmaterial-gruen\/","title":{"rendered":"F\u00fcllmaterial &#8211; gr\u00fcn"},"content":{"rendered":"<p>Die geschlossene 8-f\u00f6rmige Form bietet h\u00f6chsten Schutz f\u00fcr alle zu versendenden Waren.\u00a0Flo Pak Green\u00a0polstert und sch\u00fctzt deutlich besser als Papierpolstermaterial, staubt nicht und kr\u00fcmelt nicht bei Reibung w\u00e4hrend des Transportes, Antistatisch &#8211; keine Anhaftungen am Produkt beim Auspacken.<\/p>\n","protected":false},"excerpt":{"rendered":"<p>Die geschlossene 8-f\u00f6rmige Form bietet h\u00f6chsten Schutz f\u00fcr alle zu versendenden Waren.\u00a0Flo Pak Green\u00a0polstert und sch\u00fctzt deutlich besser als Papierpolstermaterial, staubt nicht und kr\u00fcmelt nicht bei Reibung w\u00e4hrend des Transportes, Antistatisch &#8211; keine Anhaftungen am Produkt beim Auspacken.<\/p>\n","protected":false},"featured_media":287,"template":"","meta":[],"product_cat":[47,60],"product_tag":[],"class_list":{"0":"post-286","1":"product","2":"type-product","3":"status-publish","4":"has-post-thumbnail","6":"product_cat-buero-und-bueroeinrichtung","7":"product_cat-transport-und-logistik","9":"first","10":"instock","11":"taxable","12":"shipping-taxable","13":"purchasable","14":"product-type-simple"},"_links":{"self":[{"href":"https:\/\/actionmall.act.at\/shop\/414\/en\/wp-json\/wp\/v2\/product\/286"}],"collection":[{"href":"https:\/\/actionmall.act.at\/shop\/414\/en\/wp-json\/wp\/v2\/product"}],"about":[{"href":"https:\/\/actionmall.act.at\/shop\/414\/en\/wp-json\/wp\/v2\/types\/product"}],"wp:featuredmedia":[{"embeddable":true,"href":"https:\/\/actionmall.act.at\/shop\/414\/en\/wp-json\/wp\/v2\/media\/287"}],"wp:attachment":[{"href":"https:\/\/actionmall.act.at\/shop\/414\/en\/wp-json\/wp\/v2\/media?parent=286"}],"wp:term":[{"taxonomy":"product_cat","embeddable":true,"href":"https:\/\/actionmall.act.at\/shop\/414\/en\/wp-json\/wp\/v2\/product_cat?post=286"},{"taxonomy":"product_tag","embeddable":true,"href":"https:\/\/actionmall.act.at\/shop\/414\/en\/wp-json\/wp\/v2\/product_tag?post=286"}],"curies":[{"name":"wp","href":"https:\/\/api.w.org\/{rel}","templated":true}]}}