{"id":311,"date":"2026-04-23T09:33:07","date_gmt":"2026-04-23T07:33:07","guid":{"rendered":"https:\/\/actionmall.act.at\/shop\/414\/?post_type=product&#038;p=311"},"modified":"2026-04-23T09:33:07","modified_gmt":"2026-04-23T07:33:07","slug":"selbstanpassende-schutzfolie","status":"publish","type":"product","link":"https:\/\/actionmall.act.at\/shop\/414\/en\/produkt\/selbstanpassende-schutzfolie\/","title":{"rendered":"Selbstanpassende Schutzfolie"},"content":{"rendered":"<p>Es ist eine Folie, die sich an jedes Produkt anpasst und es von allen Seiten sch\u00fctzt. Zudem ist sie Wiederverwendbar und wird nach der gew\u00fcnschten Verwendung wieder an uns zur\u00fcckgeschickt.<\/p>\n","protected":false},"excerpt":{"rendered":"<p>Es ist eine Folie, die sich an jedes Produkt anpasst und es von allen Seiten sch\u00fctzt. Zudem ist sie Wiederverwendbar und wird nach der gew\u00fcnschten Verwendung wieder an uns zur\u00fcckgeschickt.<\/p>\n","protected":false},"featured_media":312,"template":"","meta":[],"product_cat":[60],"product_tag":[],"class_list":{"0":"post-311","1":"product","2":"type-product","3":"status-publish","4":"has-post-thumbnail","6":"product_cat-transport-und-logistik","8":"first","9":"instock","10":"taxable","11":"shipping-taxable","12":"purchasable","13":"product-type-simple"},"_links":{"self":[{"href":"https:\/\/actionmall.act.at\/shop\/414\/en\/wp-json\/wp\/v2\/product\/311"}],"collection":[{"href":"https:\/\/actionmall.act.at\/shop\/414\/en\/wp-json\/wp\/v2\/product"}],"about":[{"href":"https:\/\/actionmall.act.at\/shop\/414\/en\/wp-json\/wp\/v2\/types\/product"}],"wp:featuredmedia":[{"embeddable":true,"href":"https:\/\/actionmall.act.at\/shop\/414\/en\/wp-json\/wp\/v2\/media\/312"}],"wp:attachment":[{"href":"https:\/\/actionmall.act.at\/shop\/414\/en\/wp-json\/wp\/v2\/media?parent=311"}],"wp:term":[{"taxonomy":"product_cat","embeddable":true,"href":"https:\/\/actionmall.act.at\/shop\/414\/en\/wp-json\/wp\/v2\/product_cat?post=311"},{"taxonomy":"product_tag","embeddable":true,"href":"https:\/\/actionmall.act.at\/shop\/414\/en\/wp-json\/wp\/v2\/product_tag?post=311"}],"curies":[{"name":"wp","href":"https:\/\/api.w.org\/{rel}","templated":true}]}}