{"id":313,"date":"2026-04-23T09:35:55","date_gmt":"2026-04-23T07:35:55","guid":{"rendered":"https:\/\/actionmall.act.at\/shop\/414\/?post_type=product&#038;p=313"},"modified":"2026-04-23T09:35:56","modified_gmt":"2026-04-23T07:35:56","slug":"ecocube-sitzwuerfel","status":"publish","type":"product","link":"https:\/\/actionmall.act.at\/shop\/414\/en\/produkt\/ecocube-sitzwuerfel\/","title":{"rendered":"EcoCube Sitzw\u00fcrfel"},"content":{"rendered":"<p>Der Sitzw\u00fcrfel mit den Ma\u00dfen 30 cm (L) x 30 cm (B) x 42 cm (H) und einer maximalen Belastbarkeit von 130 kg ist die ideale L\u00f6sung f\u00fcr platzsparendes und zugleich kosteng\u00fcnstiges Sitzen. Durch sein kompaktes Design eignet er sich perfekt f\u00fcr kleine R\u00e4ume und vielseitige Einsatzbereiche.<\/p>\n","protected":false},"excerpt":{"rendered":"<p>Der Sitzw\u00fcrfel mit den Ma\u00dfen 30 cm (L) x 30 cm (B) x 42 cm (H) und einer maximalen Belastbarkeit von 130 kg ist die ideale L\u00f6sung f\u00fcr platzsparendes und zugleich kosteng\u00fcnstiges Sitzen. Durch sein kompaktes Design eignet er sich perfekt f\u00fcr kleine R\u00e4ume und vielseitige Einsatzbereiche.<\/p>\n","protected":false},"featured_media":314,"template":"","meta":[],"product_cat":[42,47],"product_tag":[],"class_list":{"0":"post-313","1":"product","2":"type-product","3":"status-publish","4":"has-post-thumbnail","6":"product_cat-immobilien-heim-und-garten","7":"product_cat-buero-und-bueroeinrichtung","9":"first","10":"instock","11":"taxable","12":"shipping-taxable","13":"purchasable","14":"product-type-simple"},"_links":{"self":[{"href":"https:\/\/actionmall.act.at\/shop\/414\/en\/wp-json\/wp\/v2\/product\/313"}],"collection":[{"href":"https:\/\/actionmall.act.at\/shop\/414\/en\/wp-json\/wp\/v2\/product"}],"about":[{"href":"https:\/\/actionmall.act.at\/shop\/414\/en\/wp-json\/wp\/v2\/types\/product"}],"wp:featuredmedia":[{"embeddable":true,"href":"https:\/\/actionmall.act.at\/shop\/414\/en\/wp-json\/wp\/v2\/media\/314"}],"wp:attachment":[{"href":"https:\/\/actionmall.act.at\/shop\/414\/en\/wp-json\/wp\/v2\/media?parent=313"}],"wp:term":[{"taxonomy":"product_cat","embeddable":true,"href":"https:\/\/actionmall.act.at\/shop\/414\/en\/wp-json\/wp\/v2\/product_cat?post=313"},{"taxonomy":"product_tag","embeddable":true,"href":"https:\/\/actionmall.act.at\/shop\/414\/en\/wp-json\/wp\/v2\/product_tag?post=313"}],"curies":[{"name":"wp","href":"https:\/\/api.w.org\/{rel}","templated":true}]}}