{"id":266,"date":"2026-04-28T12:20:34","date_gmt":"2026-04-28T10:20:34","guid":{"rendered":"https:\/\/actionmall.act.at\/shop\/437\/?post_type=product&#038;p=266"},"modified":"2026-04-28T12:40:48","modified_gmt":"2026-04-28T10:40:48","slug":"lead-low-stx","status":"publish","type":"product","link":"https:\/\/actionmall.act.at\/shop\/437\/en\/produkt\/lead-low-stx\/","title":{"rendered":"Lead Low STX"},"content":{"rendered":"<h4>All Terrain Low-Line<\/h4>\n<p data-start=\"0\" data-end=\"100\">Der Lead Low STX \u00fcberzeugt als sportlicher Multifunktionsschuh f\u00fcr Freizeit und leichte Wanderungen.<\/p>\n<p data-start=\"102\" data-end=\"333\">Sein Obermaterial aus weichem Velourleder bietet eine gelungene Kombination aus Komfort und Robustheit. Das integrierte Sympatex-Futter sorgt f\u00fcr zuverl\u00e4ssigen Wetterschutz und ein angenehmes Fu\u00dfklima \u2013 auch bei l\u00e4ngeren Eins\u00e4tzen.<\/p>\n<p data-start=\"335\" data-end=\"501\">Die griffige Gummi\/PUR-Sohle unterst\u00fctzt ein sicheres Auftreten und bietet zugleich eine angenehme D\u00e4mpfung f\u00fcr hohen Tragekomfort im Alltag und auf einfachen Trails.<\/p>\n<p data-start=\"503\" data-end=\"610\" data-is-last-node=\"\" data-is-only-node=\"\">Erh\u00e4ltlich in den Farben petrol\/pink (Gr. 36\u201342)<\/p>\n","protected":false},"excerpt":{"rendered":"<p>Bequemer Multifunktionsschuh mit Velourleder und wasserdichter Sympatex-Membran f\u00fcr Alltag und leichte Wanderungen.<\/p>\n","protected":false},"featured_media":267,"template":"","meta":[],"product_cat":[],"product_tag":[],"class_list":{"0":"post-266","1":"product","2":"type-product","3":"status-publish","4":"has-post-thumbnail","7":"first","8":"instock","9":"sale","10":"taxable","11":"shipping-taxable","12":"purchasable","13":"product-type-simple"},"_links":{"self":[{"href":"https:\/\/actionmall.act.at\/shop\/437\/en\/wp-json\/wp\/v2\/product\/266"}],"collection":[{"href":"https:\/\/actionmall.act.at\/shop\/437\/en\/wp-json\/wp\/v2\/product"}],"about":[{"href":"https:\/\/actionmall.act.at\/shop\/437\/en\/wp-json\/wp\/v2\/types\/product"}],"wp:featuredmedia":[{"embeddable":true,"href":"https:\/\/actionmall.act.at\/shop\/437\/en\/wp-json\/wp\/v2\/media\/267"}],"wp:attachment":[{"href":"https:\/\/actionmall.act.at\/shop\/437\/en\/wp-json\/wp\/v2\/media?parent=266"}],"wp:term":[{"taxonomy":"product_cat","embeddable":true,"href":"https:\/\/actionmall.act.at\/shop\/437\/en\/wp-json\/wp\/v2\/product_cat?post=266"},{"taxonomy":"product_tag","embeddable":true,"href":"https:\/\/actionmall.act.at\/shop\/437\/en\/wp-json\/wp\/v2\/product_tag?post=266"}],"curies":[{"name":"wp","href":"https:\/\/api.w.org\/{rel}","templated":true}]}}