{"id":254,"date":"2025-01-28T14:06:06","date_gmt":"2025-01-28T13:06:06","guid":{"rendered":"https:\/\/actionmall.act.at\/shop\/451\/?post_type=product&#038;p=254"},"modified":"2025-03-31T04:41:46","modified_gmt":"2025-03-31T02:41:46","slug":"verstellbares-hantel-set-4-stueck","status":"publish","type":"product","link":"https:\/\/actionmall.act.at\/shop\/451\/en\/produkt\/verstellbares-hantel-set-4-stueck\/","title":{"rendered":"Verstellbares Hantel Set (4 St\u00fcck)"},"content":{"rendered":"<div id='gallery-1' class='gallery galleryid-254 gallery-columns-3 gallery-size-thumbnail'><figure class='gallery-item'>\r\n\t\t\t<div class='gallery-icon portrait'>\r\n\t\t\t\t<a href='https:\/\/actionmall.act.at\/shop\/451\/en\/?attachment_id=255'><img loading=\"lazy\" decoding=\"async\" width=\"150\" height=\"150\" src=\"https:\/\/actionmall.act.at\/shop\/451\/wp-content\/uploads\/2025\/01\/26060529_f573_4152_8b05_a9918525f053-150x150.png\" class=\"attachment-thumbnail size-thumbnail\" alt=\"\" srcset=\"https:\/\/actionmall.act.at\/shop\/451\/wp-content\/uploads\/2025\/01\/26060529_f573_4152_8b05_a9918525f053-150x150.png 150w, https:\/\/actionmall.act.at\/shop\/451\/wp-content\/uploads\/2025\/01\/26060529_f573_4152_8b05_a9918525f053-100x100.png 100w\" sizes=\"(max-width: 150px) 100vw, 150px\" \/><\/a>\r\n\t\t\t<\/div><\/figure><\/div>\n\n","protected":false},"excerpt":{"rendered":"<p>Hanteln, die je nach Bed\u00fcrfnis angepasst werden k\u00f6nnen. Es k\u00f6nnen Gewichte hinzugef\u00fcgt und entfernt werden.<\/p>\n","protected":false},"featured_media":255,"template":"","meta":[],"product_cat":[],"product_tag":[],"class_list":{"0":"post-254","1":"product","2":"type-product","3":"status-publish","4":"has-post-thumbnail","7":"first","8":"instock","9":"taxable","10":"shipping-taxable","11":"purchasable","12":"product-type-simple"},"_links":{"self":[{"href":"https:\/\/actionmall.act.at\/shop\/451\/en\/wp-json\/wp\/v2\/product\/254"}],"collection":[{"href":"https:\/\/actionmall.act.at\/shop\/451\/en\/wp-json\/wp\/v2\/product"}],"about":[{"href":"https:\/\/actionmall.act.at\/shop\/451\/en\/wp-json\/wp\/v2\/types\/product"}],"wp:featuredmedia":[{"embeddable":true,"href":"https:\/\/actionmall.act.at\/shop\/451\/en\/wp-json\/wp\/v2\/media\/255"}],"wp:attachment":[{"href":"https:\/\/actionmall.act.at\/shop\/451\/en\/wp-json\/wp\/v2\/media?parent=254"}],"wp:term":[{"taxonomy":"product_cat","embeddable":true,"href":"https:\/\/actionmall.act.at\/shop\/451\/en\/wp-json\/wp\/v2\/product_cat?post=254"},{"taxonomy":"product_tag","embeddable":true,"href":"https:\/\/actionmall.act.at\/shop\/451\/en\/wp-json\/wp\/v2\/product_tag?post=254"}],"curies":[{"name":"wp","href":"https:\/\/api.w.org\/{rel}","templated":true}]}}