{"id":289,"date":"2025-01-29T12:08:29","date_gmt":"2025-01-29T11:08:29","guid":{"rendered":"https:\/\/actionmall.act.at\/shop\/451\/?post_type=product&#038;p=289"},"modified":"2025-02-25T12:04:47","modified_gmt":"2025-02-25T11:04:47","slug":"damen-sport-set-2-teiler","status":"publish","type":"product","link":"https:\/\/actionmall.act.at\/shop\/451\/en\/produkt\/damen-sport-set-2-teiler\/","title":{"rendered":"Damen Sport-Set 2-Teiler"},"content":{"rendered":"<p><img loading=\"lazy\" decoding=\"async\" class=\"alignnone size-medium wp-image-290\" src=\"https:\/\/actionmall.act.at\/shop\/451\/wp-content\/uploads\/2025\/01\/63d8694e_4422_4e40_9ad9_192d6308a17c-216x300.jpg\" alt=\"\" width=\"216\" height=\"300\" srcset=\"https:\/\/actionmall.act.at\/shop\/451\/wp-content\/uploads\/2025\/01\/63d8694e_4422_4e40_9ad9_192d6308a17c-216x300.jpg 216w, https:\/\/actionmall.act.at\/shop\/451\/wp-content\/uploads\/2025\/01\/63d8694e_4422_4e40_9ad9_192d6308a17c.jpg 370w\" sizes=\"(max-width: 216px) 100vw, 216px\" \/><\/p>\n","protected":false},"excerpt":{"rendered":"<p>Ein 2-Teiler f\u00fcr Damen, der sich perfekt f\u00fcr Sportaktivit\u00e4ten eignet. Das Oberteil, sowie das Unterteil sind Kurz geschnitten.<\/p>\n","protected":false},"featured_media":290,"template":"","meta":[],"product_cat":[],"product_tag":[],"class_list":{"0":"post-289","1":"product","2":"type-product","3":"status-publish","4":"has-post-thumbnail","7":"first","8":"instock","9":"sale","10":"taxable","11":"shipping-taxable","12":"purchasable","13":"product-type-simple"},"_links":{"self":[{"href":"https:\/\/actionmall.act.at\/shop\/451\/en\/wp-json\/wp\/v2\/product\/289"}],"collection":[{"href":"https:\/\/actionmall.act.at\/shop\/451\/en\/wp-json\/wp\/v2\/product"}],"about":[{"href":"https:\/\/actionmall.act.at\/shop\/451\/en\/wp-json\/wp\/v2\/types\/product"}],"wp:featuredmedia":[{"embeddable":true,"href":"https:\/\/actionmall.act.at\/shop\/451\/en\/wp-json\/wp\/v2\/media\/290"}],"wp:attachment":[{"href":"https:\/\/actionmall.act.at\/shop\/451\/en\/wp-json\/wp\/v2\/media?parent=289"}],"wp:term":[{"taxonomy":"product_cat","embeddable":true,"href":"https:\/\/actionmall.act.at\/shop\/451\/en\/wp-json\/wp\/v2\/product_cat?post=289"},{"taxonomy":"product_tag","embeddable":true,"href":"https:\/\/actionmall.act.at\/shop\/451\/en\/wp-json\/wp\/v2\/product_tag?post=289"}],"curies":[{"name":"wp","href":"https:\/\/api.w.org\/{rel}","templated":true}]}}