{"id":362,"date":"2025-10-03T12:06:53","date_gmt":"2025-10-03T10:06:53","guid":{"rendered":"https:\/\/actionmall.act.at\/shop\/451\/?post_type=product&#038;p=362"},"modified":"2025-10-03T12:06:53","modified_gmt":"2025-10-03T10:06:53","slug":"aufklemmbare-klimmzugstange","status":"publish","type":"product","link":"https:\/\/actionmall.act.at\/shop\/451\/en\/produkt\/aufklemmbare-klimmzugstange\/","title":{"rendered":"Aufklemmbare Klimmzugstange"},"content":{"rendered":"<p>Schnell montiert \u2013 ganz ohne Bohren! Die Klimmzugstange wird einfach im T\u00fcrrahmen eingeklemmt und bietet sicheren Halt f\u00fcr dein Training zu Hause. Rutschfeste Griffe, stabile Bauweise und platzsparend verstaubar. Ideal f\u00fcr Klimmz\u00fcge und mehr!<\/p>\n","protected":false},"excerpt":{"rendered":"<p>Schnell montiert \u2013 ganz ohne Bohren! Die Klimmzugstange wird einfach im T\u00fcrrahmen eingeklemmt und bietet sicheren Halt f\u00fcr dein Training zu Hause. Rutschfeste Griffe, stabile Bauweise und platzsparend verstaubar. Ideal f\u00fcr Klimmz\u00fcge und mehr!<\/p>\n","protected":false},"featured_media":363,"template":"","meta":[],"product_cat":[],"product_tag":[],"class_list":{"0":"post-362","1":"product","2":"type-product","3":"status-publish","4":"has-post-thumbnail","7":"first","8":"instock","9":"taxable","10":"shipping-taxable","11":"purchasable","12":"product-type-simple"},"_links":{"self":[{"href":"https:\/\/actionmall.act.at\/shop\/451\/en\/wp-json\/wp\/v2\/product\/362"}],"collection":[{"href":"https:\/\/actionmall.act.at\/shop\/451\/en\/wp-json\/wp\/v2\/product"}],"about":[{"href":"https:\/\/actionmall.act.at\/shop\/451\/en\/wp-json\/wp\/v2\/types\/product"}],"wp:featuredmedia":[{"embeddable":true,"href":"https:\/\/actionmall.act.at\/shop\/451\/en\/wp-json\/wp\/v2\/media\/363"}],"wp:attachment":[{"href":"https:\/\/actionmall.act.at\/shop\/451\/en\/wp-json\/wp\/v2\/media?parent=362"}],"wp:term":[{"taxonomy":"product_cat","embeddable":true,"href":"https:\/\/actionmall.act.at\/shop\/451\/en\/wp-json\/wp\/v2\/product_cat?post=362"},{"taxonomy":"product_tag","embeddable":true,"href":"https:\/\/actionmall.act.at\/shop\/451\/en\/wp-json\/wp\/v2\/product_tag?post=362"}],"curies":[{"name":"wp","href":"https:\/\/api.w.org\/{rel}","templated":true}]}}