{"id":376,"date":"2025-10-07T08:27:01","date_gmt":"2025-10-07T06:27:01","guid":{"rendered":"https:\/\/actionmall.act.at\/shop\/451\/?post_type=product&#038;p=376"},"modified":"2025-10-07T08:27:02","modified_gmt":"2025-10-07T06:27:02","slug":"passionata-shorts","status":"publish","type":"product","link":"https:\/\/actionmall.act.at\/shop\/451\/en\/produkt\/passionata-shorts\/","title":{"rendered":"Passionata Short`s"},"content":{"rendered":"<p>Die eleganten Passionata Shorts verbinden stilvolles Design mit hohem Tragekomfort. Weiche Materialien und eine perfekte Passform machen sie ideal f\u00fcr den Alltag oder besondere Anl\u00e4sse. Zusammen mit dem feuchtigkeitsableitenden Herren T-Shirt und dem formenden Taileng\u00fcrtel entsteht ein vielseitiges Set f\u00fcr Wohlbefinden und Stil.<\/p>\n","protected":false},"excerpt":{"rendered":"<p>Die eleganten Passionata Shorts verbinden stilvolles Design mit hohem Tragekomfort. Weiche Materialien und eine perfekte Passform machen sie ideal f\u00fcr den Alltag oder besondere Anl\u00e4sse. Zusammen mit dem feuchtigkeitsableitenden Herren T-Shirt und dem formenden Taileng\u00fcrtel entsteht ein vielseitiges Set f\u00fcr Wohlbefinden und Stil.<\/p>\n","protected":false},"featured_media":377,"template":"","meta":[],"product_cat":[],"product_tag":[],"class_list":{"0":"post-376","1":"product","2":"type-product","3":"status-publish","4":"has-post-thumbnail","7":"first","8":"instock","9":"taxable","10":"shipping-taxable","11":"purchasable","12":"product-type-simple"},"_links":{"self":[{"href":"https:\/\/actionmall.act.at\/shop\/451\/en\/wp-json\/wp\/v2\/product\/376"}],"collection":[{"href":"https:\/\/actionmall.act.at\/shop\/451\/en\/wp-json\/wp\/v2\/product"}],"about":[{"href":"https:\/\/actionmall.act.at\/shop\/451\/en\/wp-json\/wp\/v2\/types\/product"}],"wp:featuredmedia":[{"embeddable":true,"href":"https:\/\/actionmall.act.at\/shop\/451\/en\/wp-json\/wp\/v2\/media\/377"}],"wp:attachment":[{"href":"https:\/\/actionmall.act.at\/shop\/451\/en\/wp-json\/wp\/v2\/media?parent=376"}],"wp:term":[{"taxonomy":"product_cat","embeddable":true,"href":"https:\/\/actionmall.act.at\/shop\/451\/en\/wp-json\/wp\/v2\/product_cat?post=376"},{"taxonomy":"product_tag","embeddable":true,"href":"https:\/\/actionmall.act.at\/shop\/451\/en\/wp-json\/wp\/v2\/product_tag?post=376"}],"curies":[{"name":"wp","href":"https:\/\/api.w.org\/{rel}","templated":true}]}}