{"id":385,"date":"2025-10-07T08:52:32","date_gmt":"2025-10-07T06:52:32","guid":{"rendered":"https:\/\/actionmall.act.at\/shop\/451\/?post_type=product&#038;p=385"},"modified":"2025-12-12T12:31:05","modified_gmt":"2025-12-12T11:31:05","slug":"damen-laufschuhe","status":"publish","type":"product","link":"https:\/\/actionmall.act.at\/shop\/451\/en\/produkt\/damen-laufschuhe\/","title":{"rendered":"Damen Laufschuhe"},"content":{"rendered":"<p>Die Damen Laufschuhe \u00fcberzeugen durch leichtes, atmungsaktives Material und hohen Tragekomfort. Die flexible Sohle sorgt f\u00fcr optimale D\u00e4mpfung und sicheren Halt. Ideal f\u00fcr Lauftraining, Fitness oder den aktiven Alltag.<\/p>\n","protected":false},"excerpt":{"rendered":"<p>Die Damen Laufschuhe \u00fcberzeugen durch leichtes, atmungsaktives Material und hohen Tragekomfort. Die flexible Sohle sorgt f\u00fcr optimale D\u00e4mpfung und sicheren Halt. Ideal f\u00fcr Lauftraining, Fitness oder den aktiven Alltag.<\/p>\n","protected":false},"featured_media":386,"template":"","meta":[],"product_cat":[],"product_tag":[],"class_list":{"0":"post-385","1":"product","2":"type-product","3":"status-publish","4":"has-post-thumbnail","7":"first","8":"instock","9":"sale","10":"taxable","11":"shipping-taxable","12":"purchasable","13":"product-type-simple"},"_links":{"self":[{"href":"https:\/\/actionmall.act.at\/shop\/451\/en\/wp-json\/wp\/v2\/product\/385"}],"collection":[{"href":"https:\/\/actionmall.act.at\/shop\/451\/en\/wp-json\/wp\/v2\/product"}],"about":[{"href":"https:\/\/actionmall.act.at\/shop\/451\/en\/wp-json\/wp\/v2\/types\/product"}],"wp:featuredmedia":[{"embeddable":true,"href":"https:\/\/actionmall.act.at\/shop\/451\/en\/wp-json\/wp\/v2\/media\/386"}],"wp:attachment":[{"href":"https:\/\/actionmall.act.at\/shop\/451\/en\/wp-json\/wp\/v2\/media?parent=385"}],"wp:term":[{"taxonomy":"product_cat","embeddable":true,"href":"https:\/\/actionmall.act.at\/shop\/451\/en\/wp-json\/wp\/v2\/product_cat?post=385"},{"taxonomy":"product_tag","embeddable":true,"href":"https:\/\/actionmall.act.at\/shop\/451\/en\/wp-json\/wp\/v2\/product_tag?post=385"}],"curies":[{"name":"wp","href":"https:\/\/api.w.org\/{rel}","templated":true}]}}