{"id":397,"date":"2025-10-24T12:29:19","date_gmt":"2025-10-24T10:29:19","guid":{"rendered":"https:\/\/actionmall.act.at\/shop\/451\/?post_type=product&#038;p=397"},"modified":"2025-11-04T08:13:16","modified_gmt":"2025-11-04T07:13:16","slug":"herren-business-anzug-2","status":"publish","type":"product","link":"https:\/\/actionmall.act.at\/shop\/451\/en\/produkt\/herren-business-anzug-2\/","title":{"rendered":"Herren Business Anzug"},"content":{"rendered":"<p>Eleganter Herren-Business-Anzug aus hochwertigem Stoff mit klassischem Schnitt, perfekter Passform und zeitlosem Design \u2013 ideal f\u00fcr B\u00fcro, Meetings und formelle Anl\u00e4sse.<\/p>\n","protected":false},"excerpt":{"rendered":"<p>Eleganter Herren-Business-Anzug aus hochwertigem Stoff mit klassischem Schnitt, perfekter Passform und zeitlosem Design \u2013 ideal f\u00fcr B\u00fcro, Meetings und formelle Anl\u00e4sse.<\/p>\n","protected":false},"featured_media":393,"template":"","meta":[],"product_cat":[],"product_tag":[],"class_list":{"0":"post-397","1":"product","2":"type-product","3":"status-publish","4":"has-post-thumbnail","7":"first","8":"instock","9":"taxable","10":"shipping-taxable","11":"purchasable","12":"product-type-simple"},"_links":{"self":[{"href":"https:\/\/actionmall.act.at\/shop\/451\/en\/wp-json\/wp\/v2\/product\/397"}],"collection":[{"href":"https:\/\/actionmall.act.at\/shop\/451\/en\/wp-json\/wp\/v2\/product"}],"about":[{"href":"https:\/\/actionmall.act.at\/shop\/451\/en\/wp-json\/wp\/v2\/types\/product"}],"wp:featuredmedia":[{"embeddable":true,"href":"https:\/\/actionmall.act.at\/shop\/451\/en\/wp-json\/wp\/v2\/media\/393"}],"wp:attachment":[{"href":"https:\/\/actionmall.act.at\/shop\/451\/en\/wp-json\/wp\/v2\/media?parent=397"}],"wp:term":[{"taxonomy":"product_cat","embeddable":true,"href":"https:\/\/actionmall.act.at\/shop\/451\/en\/wp-json\/wp\/v2\/product_cat?post=397"},{"taxonomy":"product_tag","embeddable":true,"href":"https:\/\/actionmall.act.at\/shop\/451\/en\/wp-json\/wp\/v2\/product_tag?post=397"}],"curies":[{"name":"wp","href":"https:\/\/api.w.org\/{rel}","templated":true}]}}