{"id":402,"date":"2025-11-04T08:11:47","date_gmt":"2025-11-04T07:11:47","guid":{"rendered":"https:\/\/actionmall.act.at\/shop\/451\/?post_type=product&#038;p=402"},"modified":"2025-11-04T08:11:47","modified_gmt":"2025-11-04T07:11:47","slug":"damen-business-kleid","status":"publish","type":"product","link":"https:\/\/actionmall.act.at\/shop\/451\/en\/produkt\/damen-business-kleid\/","title":{"rendered":"Damen Business Kleid"},"content":{"rendered":"<p>Ein Damen Business Kleid vereint Stil, Professionalit\u00e4t und feminines Design. Mit seinem klaren Schnitt und hochwertigen Stoffen sorgt es f\u00fcr einen gepflegten und souver\u00e4nen Auftritt im B\u00fcro. Komfortabel und elegant \u2013 perfekt f\u00fcr lange Arbeitstage oder wichtige Meetings.<\/p>\n","protected":false},"excerpt":{"rendered":"<p>Ein Damen Business Kleid vereint Stil, Professionalit\u00e4t und feminines Design. Mit seinem klaren Schnitt und hochwertigen Stoffen sorgt es f\u00fcr einen gepflegten und souver\u00e4nen Auftritt im B\u00fcro. Komfortabel und elegant \u2013 perfekt f\u00fcr lange Arbeitstage oder wichtige Meetings.<\/p>\n","protected":false},"featured_media":394,"template":"","meta":[],"product_cat":[],"product_tag":[],"class_list":{"0":"post-402","1":"product","2":"type-product","3":"status-publish","4":"has-post-thumbnail","7":"first","8":"instock","9":"taxable","10":"shipping-taxable","11":"purchasable","12":"product-type-simple"},"_links":{"self":[{"href":"https:\/\/actionmall.act.at\/shop\/451\/en\/wp-json\/wp\/v2\/product\/402"}],"collection":[{"href":"https:\/\/actionmall.act.at\/shop\/451\/en\/wp-json\/wp\/v2\/product"}],"about":[{"href":"https:\/\/actionmall.act.at\/shop\/451\/en\/wp-json\/wp\/v2\/types\/product"}],"wp:featuredmedia":[{"embeddable":true,"href":"https:\/\/actionmall.act.at\/shop\/451\/en\/wp-json\/wp\/v2\/media\/394"}],"wp:attachment":[{"href":"https:\/\/actionmall.act.at\/shop\/451\/en\/wp-json\/wp\/v2\/media?parent=402"}],"wp:term":[{"taxonomy":"product_cat","embeddable":true,"href":"https:\/\/actionmall.act.at\/shop\/451\/en\/wp-json\/wp\/v2\/product_cat?post=402"},{"taxonomy":"product_tag","embeddable":true,"href":"https:\/\/actionmall.act.at\/shop\/451\/en\/wp-json\/wp\/v2\/product_tag?post=402"}],"curies":[{"name":"wp","href":"https:\/\/api.w.org\/{rel}","templated":true}]}}