{"id":452,"date":"2026-02-27T12:28:52","date_gmt":"2026-02-27T11:28:52","guid":{"rendered":"https:\/\/actionmall.act.at\/shop\/451\/?post_type=product&#038;p=452"},"modified":"2026-02-27T12:28:52","modified_gmt":"2026-02-27T11:28:52","slug":"arbeitshose","status":"publish","type":"product","link":"https:\/\/actionmall.act.at\/shop\/451\/en\/produkt\/arbeitshose\/","title":{"rendered":"Arbeitshose"},"content":{"rendered":"<p>Diese robuste Arbeitshose \u00fcberzeugt durch ihre strapazierf\u00e4hige Verarbeitung und hohen Tragekomfort. Das widerstandsf\u00e4hige Material h\u00e4lt auch intensiven Eins\u00e4tzen stand, w\u00e4hrend der ergonomische Schnitt optimale Bewegungsfreiheit erm\u00f6glicht. Mehrere praktische Taschen bieten ausreichend Stauraum f\u00fcr Werkzeuge, Smartphone und Zubeh\u00f6r. Verst\u00e4rkte Kniepartien sorgen f\u00fcr zus\u00e4tzliche Langlebigkeit und machen die Hose zum idealen Begleiter auf der Baustelle, in der Werkstatt oder im Lager.<\/p>\n","protected":false},"excerpt":{"rendered":"<p>Diese robuste Arbeitshose \u00fcberzeugt durch ihre strapazierf\u00e4hige Verarbeitung und hohen Tragekomfort. Das widerstandsf\u00e4hige Material h\u00e4lt auch intensiven Eins\u00e4tzen stand, w\u00e4hrend der ergonomische Schnitt optimale Bewegungsfreiheit erm\u00f6glicht. Mehrere praktische Taschen bieten ausreichend Stauraum f\u00fcr Werkzeuge, Smartphone und Zubeh\u00f6r. Verst\u00e4rkte Kniepartien sorgen f\u00fcr zus\u00e4tzliche Langlebigkeit und machen die Hose zum idealen Begleiter auf der Baustelle, in der [&hellip;]<\/p>\n","protected":false},"featured_media":454,"template":"","meta":[],"product_cat":[35],"product_tag":[],"class_list":{"0":"post-452","1":"product","2":"type-product","3":"status-publish","4":"has-post-thumbnail","6":"product_cat-bekleidung-und-zubehoer","8":"first","9":"instock","10":"taxable","11":"shipping-taxable","12":"purchasable","13":"product-type-simple"},"_links":{"self":[{"href":"https:\/\/actionmall.act.at\/shop\/451\/en\/wp-json\/wp\/v2\/product\/452"}],"collection":[{"href":"https:\/\/actionmall.act.at\/shop\/451\/en\/wp-json\/wp\/v2\/product"}],"about":[{"href":"https:\/\/actionmall.act.at\/shop\/451\/en\/wp-json\/wp\/v2\/types\/product"}],"wp:featuredmedia":[{"embeddable":true,"href":"https:\/\/actionmall.act.at\/shop\/451\/en\/wp-json\/wp\/v2\/media\/454"}],"wp:attachment":[{"href":"https:\/\/actionmall.act.at\/shop\/451\/en\/wp-json\/wp\/v2\/media?parent=452"}],"wp:term":[{"taxonomy":"product_cat","embeddable":true,"href":"https:\/\/actionmall.act.at\/shop\/451\/en\/wp-json\/wp\/v2\/product_cat?post=452"},{"taxonomy":"product_tag","embeddable":true,"href":"https:\/\/actionmall.act.at\/shop\/451\/en\/wp-json\/wp\/v2\/product_tag?post=452"}],"curies":[{"name":"wp","href":"https:\/\/api.w.org\/{rel}","templated":true}]}}