{"id":459,"date":"2026-02-27T12:31:00","date_gmt":"2026-02-27T11:31:00","guid":{"rendered":"https:\/\/actionmall.act.at\/shop\/451\/?post_type=product&#038;p=459"},"modified":"2026-02-27T12:31:00","modified_gmt":"2026-02-27T11:31:00","slug":"arbeitsset-mit-personalisierbaren-logo","status":"publish","type":"product","link":"https:\/\/actionmall.act.at\/shop\/451\/en\/produkt\/arbeitsset-mit-personalisierbaren-logo\/","title":{"rendered":"Arbeitsset mit personalisierbaren Logo"},"content":{"rendered":"<article class=\"text-token-text-primary w-full focus:outline-none [--shadow-height:45px] has-data-writing-block:pointer-events-none has-data-writing-block:-mt-(--shadow-height) has-data-writing-block:pt-(--shadow-height) [&#038;:has([data-writing-block])>*]:pointer-events-auto scroll-mt-(&#8211;header-height)&#8221; dir=&#8221;auto&#8221; data-turn-id=&#8221;6c562032-bcf2-407d-8e68-0c8a23acdb84&#8243; data-testid=&#8221;conversation-turn-11&#8243; data-scroll-anchor=&#8221;false&#8221; data-turn=&#8221;user&#8221;><\/article>\n<article class=\"text-token-text-primary w-full focus:outline-none [--shadow-height:45px] has-data-writing-block:pointer-events-none has-data-writing-block:-mt-(--shadow-height) has-data-writing-block:pt-(--shadow-height) [&#038;:has([data-writing-block])>*]:pointer-events-auto scroll-mt-[calc(var(&#8211;header-height)+min(200px,max(70px,20svh)))]&#8221; dir=&#8221;auto&#8221; data-turn-id=&#8221;request-WEB:1565d063-92f9-47fb-b6c5-6643dbe4d71e-5&#8243; data-testid=&#8221;conversation-turn-12&#8243; data-scroll-anchor=&#8221;true&#8221; data-turn=&#8221;assistant&#8221;><\/p>\n<div class=\"text-base my-auto mx-auto pb-10 [--thread-content-margin:--spacing(4)] @w-sm\/main:[--thread-content-margin:--spacing(6)] @w-lg\/main:[--thread-content-margin:--spacing(16)] px-(--thread-content-margin)\">\n<div class=\"[--thread-content-max-width:40rem] @w-lg\/main:[--thread-content-max-width:48rem] mx-auto max-w-(--thread-content-max-width) flex-1 group\/turn-messages focus-visible:outline-hidden relative flex w-full min-w-0 flex-col agent-turn\">\n<div class=\"flex max-w-full flex-col grow\">\n<div class=\"min-h-8 text-message relative flex w-full flex-col items-end gap-2 text-start break-words whitespace-normal [.text-message+&#038;]:mt-1\" dir=\"auto\" data-message-author-role=\"assistant\" data-message-id=\"08109bc2-7383-4dbe-a47a-f107bd7882b5\" data-message-model-slug=\"gpt-5-2\">\n<div class=\"flex w-full flex-col gap-1 empty:hidden first:pt-[1px]\">\n<div class=\"markdown prose dark:prose-invert w-full wrap-break-word light markdown-new-styling\">\n<p data-start=\"0\" data-end=\"270\">Dieses praktische Arbeitsset \u00fcberzeugt durch Funktionalit\u00e4t, Komfort und ein einheitliches Erscheinungsbild. Die sorgf\u00e4ltig aufeinander abgestimmten Kleidungsst\u00fccke bieten hohe Strapazierf\u00e4higkeit, angenehmen Tragekomfort und optimale Bewegungsfreiheit im Arbeitsalltag.<\/p>\n<p data-start=\"272\" data-end=\"459\" data-is-last-node=\"\" data-is-only-node=\"\">Dank des personalisierbaren Logos l\u00e4sst sich das Set individuell veredeln und sorgt so f\u00fcr ein professionelles Auftreten Ihres Teams. Ideal f\u00fcr Handwerk, Industrie, Service oder Logistik.<\/p>\n<\/div>\n<\/div>\n<\/div>\n<\/div>\n<\/div>\n<\/div>\n<\/article>\n","protected":false},"excerpt":{"rendered":"<p>*]:pointer-events-auto scroll-mt-[calc(var(&#8211;header-height)+min(200px,max(70px,20svh)))]&#8221; dir=&#8221;auto&#8221; data-turn-id=&#8221;request-WEB:1565d063-92f9-47fb-b6c5-6643dbe4d71e-5&#8243; data-testid=&#8221;conversation-turn-12&#8243; data-scroll-anchor=&#8221;true&#8221; data-turn=&#8221;assistant&#8221;> Dieses praktische Arbeitsset \u00fcberzeugt durch Funktionalit\u00e4t, Komfort und ein einheitliches Erscheinungsbild. Die sorgf\u00e4ltig aufeinander abgestimmten Kleidungsst\u00fccke bieten hohe Strapazierf\u00e4higkeit, angenehmen Tragekomfort und optimale Bewegungsfreiheit im Arbeitsalltag. Dank des personalisierbaren Logos l\u00e4sst sich das Set individuell veredeln und sorgt so f\u00fcr ein professionelles Auftreten Ihres Teams. Ideal f\u00fcr Handwerk, [&hellip;]<\/p>\n","protected":false},"featured_media":456,"template":"","meta":[],"product_cat":[35],"product_tag":[],"class_list":{"0":"post-459","1":"product","2":"type-product","3":"status-publish","4":"has-post-thumbnail","6":"product_cat-bekleidung-und-zubehoer","8":"first","9":"instock","10":"taxable","11":"shipping-taxable","12":"purchasable","13":"product-type-simple"},"_links":{"self":[{"href":"https:\/\/actionmall.act.at\/shop\/451\/en\/wp-json\/wp\/v2\/product\/459"}],"collection":[{"href":"https:\/\/actionmall.act.at\/shop\/451\/en\/wp-json\/wp\/v2\/product"}],"about":[{"href":"https:\/\/actionmall.act.at\/shop\/451\/en\/wp-json\/wp\/v2\/types\/product"}],"wp:featuredmedia":[{"embeddable":true,"href":"https:\/\/actionmall.act.at\/shop\/451\/en\/wp-json\/wp\/v2\/media\/456"}],"wp:attachment":[{"href":"https:\/\/actionmall.act.at\/shop\/451\/en\/wp-json\/wp\/v2\/media?parent=459"}],"wp:term":[{"taxonomy":"product_cat","embeddable":true,"href":"https:\/\/actionmall.act.at\/shop\/451\/en\/wp-json\/wp\/v2\/product_cat?post=459"},{"taxonomy":"product_tag","embeddable":true,"href":"https:\/\/actionmall.act.at\/shop\/451\/en\/wp-json\/wp\/v2\/product_tag?post=459"}],"curies":[{"name":"wp","href":"https:\/\/api.w.org\/{rel}","templated":true}]}}