{"id":276,"date":"2025-01-29T11:49:37","date_gmt":"2025-01-29T10:49:37","guid":{"rendered":"https:\/\/actionmall.act.at\/shop\/451\/?post_type=product&#038;p=276"},"modified":"2025-02-25T12:07:07","modified_gmt":"2025-02-25T11:07:07","slug":"kurze-sporthose","status":"publish","type":"product","link":"https:\/\/actionmall.act.at\/shop\/451\/produkt\/kurze-sporthose\/","title":{"rendered":"Kurze Sporthose"},"content":{"rendered":"<p><img loading=\"lazy\" decoding=\"async\" class=\"alignnone size-medium wp-image-277\" src=\"https:\/\/actionmall.act.at\/shop\/451\/wp-content\/uploads\/2025\/01\/56979e56_e313_463b_8c73_583390b8f946-251x300.jpg\" alt=\"\" width=\"251\" height=\"300\" srcset=\"https:\/\/actionmall.act.at\/shop\/451\/wp-content\/uploads\/2025\/01\/56979e56_e313_463b_8c73_583390b8f946-251x300.jpg 251w, https:\/\/actionmall.act.at\/shop\/451\/wp-content\/uploads\/2025\/01\/56979e56_e313_463b_8c73_583390b8f946.jpg 298w\" sizes=\"(max-width: 251px) 100vw, 251px\" \/><\/p>\n","protected":false},"excerpt":{"rendered":"<p>Kurze Sporthose f\u00fcr Fitness- und f\u00fcr Sportaktivit\u00e4ten.<\/p>\n","protected":false},"featured_media":277,"template":"","meta":[],"product_cat":[],"product_tag":[],"class_list":{"0":"post-276","1":"product","2":"type-product","3":"status-publish","4":"has-post-thumbnail","7":"first","8":"instock","9":"sale","10":"taxable","11":"shipping-taxable","12":"purchasable","13":"product-type-simple"},"_links":{"self":[{"href":"https:\/\/actionmall.act.at\/shop\/451\/wp-json\/wp\/v2\/product\/276"}],"collection":[{"href":"https:\/\/actionmall.act.at\/shop\/451\/wp-json\/wp\/v2\/product"}],"about":[{"href":"https:\/\/actionmall.act.at\/shop\/451\/wp-json\/wp\/v2\/types\/product"}],"wp:featuredmedia":[{"embeddable":true,"href":"https:\/\/actionmall.act.at\/shop\/451\/wp-json\/wp\/v2\/media\/277"}],"wp:attachment":[{"href":"https:\/\/actionmall.act.at\/shop\/451\/wp-json\/wp\/v2\/media?parent=276"}],"wp:term":[{"taxonomy":"product_cat","embeddable":true,"href":"https:\/\/actionmall.act.at\/shop\/451\/wp-json\/wp\/v2\/product_cat?post=276"},{"taxonomy":"product_tag","embeddable":true,"href":"https:\/\/actionmall.act.at\/shop\/451\/wp-json\/wp\/v2\/product_tag?post=276"}],"curies":[{"name":"wp","href":"https:\/\/api.w.org\/{rel}","templated":true}]}}